{"id":629,"date":"2022-08-07T21:00:37","date_gmt":"2022-08-07T19:00:37","guid":{"rendered":"https:\/\/andreas-matuska.com\/?page_id=629"},"modified":"2025-12-12T13:41:33","modified_gmt":"2025-12-12T12:41:33","slug":"impressum","status":"publish","type":"page","link":"https:\/\/andreas-matuska.com\/fr\/mentions-legales\/","title":{"rendered":"Mentions l\u00e9gales"},"content":{"rendered":"<div data-elementor-type=\"wp-page\" data-elementor-id=\"629\" class=\"elementor elementor-629\">\n\t\t\t\t<div class=\"elementor-element elementor-element-3b6b417 e-flex e-con-boxed e-con e-parent\" data-id=\"3b6b417\" data-element_type=\"container\" data-settings=\"{&quot;jet_parallax_layout_list&quot;:[]}\">\n\t\t\t\t\t<div class=\"e-con-inner\">\n\t\t\t\t<div class=\"elementor-element elementor-element-b010a27 elementor-widget elementor-widget-text-editor\" data-id=\"b010a27\" data-element_type=\"widget\" data-widget_type=\"text-editor.default\">\n\t\t\t\t<div class=\"elementor-widget-container\">\n\t\t\t<style>\/*! elementor - v3.23.0 - 05-08-2024 *\/\n.elementor-widget-text-editor.elementor-drop-cap-view-stacked .elementor-drop-cap{background-color:#69727d;color:#fff}.elementor-widget-text-editor.elementor-drop-cap-view-framed .elementor-drop-cap{color:#69727d;border:3px solid;background-color:transparent}.elementor-widget-text-editor:not(.elementor-drop-cap-view-default) .elementor-drop-cap{margin-top:8px}.elementor-widget-text-editor:not(.elementor-drop-cap-view-default) .elementor-drop-cap-letter{width:1em;height:1em}.elementor-widget-text-editor .elementor-drop-cap{float:left;text-align:center;line-height:1;font-size:50px}.elementor-widget-text-editor .elementor-drop-cap-letter{display:inline-block}<\/style>\t\t\t\t<p>support@andreas-matuska.com<\/p>\n<p>Sharjah Media City \u2011 Shams<br>P.O. Box 8305, Sharjah, UAE<\/p>\n<p>+971 58 523 7526\u202c<\/p>\t\t\t\t\t\t<\/div>\n\t\t\t\t<\/div>\n\t\t\t\t<div class=\"elementor-element elementor-element-57c4c1d elementor-widget-divider--view-line elementor-widget elementor-widget-divider\" data-id=\"57c4c1d\" data-element_type=\"widget\" data-widget_type=\"divider.default\">\n\t\t\t\t<div class=\"elementor-widget-container\">\n\t\t\t<style>\/*! elementor - v3.23.0 - 05-08-2024 *\/\n.elementor-widget-divider{--divider-border-style:none;--divider-border-width:1px;--divider-color:#0c0d0e;--divider-icon-size:20px;--divider-element-spacing:10px;--divider-pattern-height:24px;--divider-pattern-size:20px;--divider-pattern-url:none;--divider-pattern-repeat:repeat-x}.elementor-widget-divider .elementor-divider{display:flex}.elementor-widget-divider .elementor-divider__text{font-size:15px;line-height:1;max-width:95%}.elementor-widget-divider .elementor-divider__element{margin:0 var(--divider-element-spacing);flex-shrink:0}.elementor-widget-divider .elementor-icon{font-size:var(--divider-icon-size)}.elementor-widget-divider .elementor-divider-separator{display:flex;margin:0;direction:ltr}.elementor-widget-divider--view-line_icon .elementor-divider-separator,.elementor-widget-divider--view-line_text .elementor-divider-separator{align-items:center}.elementor-widget-divider--view-line_icon .elementor-divider-separator:after,.elementor-widget-divider--view-line_icon .elementor-divider-separator:before,.elementor-widget-divider--view-line_text .elementor-divider-separator:after,.elementor-widget-divider--view-line_text .elementor-divider-separator:before{display:block;content:\"\";border-block-end:0;flex-grow:1;border-block-start:var(--divider-border-width) var(--divider-border-style) var(--divider-color)}.elementor-widget-divider--element-align-left .elementor-divider .elementor-divider-separator>.elementor-divider__svg:first-of-type{flex-grow:0;flex-shrink:100}.elementor-widget-divider--element-align-left .elementor-divider-separator:before{content:none}.elementor-widget-divider--element-align-left .elementor-divider__element{margin-left:0}.elementor-widget-divider--element-align-right .elementor-divider .elementor-divider-separator>.elementor-divider__svg:last-of-type{flex-grow:0;flex-shrink:100}.elementor-widget-divider--element-align-right .elementor-divider-separator:after{content:none}.elementor-widget-divider--element-align-right .elementor-divider__element{margin-right:0}.elementor-widget-divider--element-align-start .elementor-divider .elementor-divider-separator>.elementor-divider__svg:first-of-type{flex-grow:0;flex-shrink:100}.elementor-widget-divider--element-align-start .elementor-divider-separator:before{content:none}.elementor-widget-divider--element-align-start .elementor-divider__element{margin-inline-start:0}.elementor-widget-divider--element-align-end .elementor-divider .elementor-divider-separator>.elementor-divider__svg:last-of-type{flex-grow:0;flex-shrink:100}.elementor-widget-divider--element-align-end .elementor-divider-separator:after{content:none}.elementor-widget-divider--element-align-end .elementor-divider__element{margin-inline-end:0}.elementor-widget-divider:not(.elementor-widget-divider--view-line_text):not(.elementor-widget-divider--view-line_icon) .elementor-divider-separator{border-block-start:var(--divider-border-width) var(--divider-border-style) var(--divider-color)}.elementor-widget-divider--separator-type-pattern{--divider-border-style:none}.elementor-widget-divider--separator-type-pattern.elementor-widget-divider--view-line .elementor-divider-separator,.elementor-widget-divider--separator-type-pattern:not(.elementor-widget-divider--view-line) .elementor-divider-separator:after,.elementor-widget-divider--separator-type-pattern:not(.elementor-widget-divider--view-line) .elementor-divider-separator:before,.elementor-widget-divider--separator-type-pattern:not([class*=elementor-widget-divider--view]) .elementor-divider-separator{width:100%;min-height:var(--divider-pattern-height);-webkit-mask-size:var(--divider-pattern-size) 100%;mask-size:var(--divider-pattern-size) 100%;-webkit-mask-repeat:var(--divider-pattern-repeat);mask-repeat:var(--divider-pattern-repeat);background-color:var(--divider-color);-webkit-mask-image:var(--divider-pattern-url);mask-image:var(--divider-pattern-url)}.elementor-widget-divider--no-spacing{--divider-pattern-size:auto}.elementor-widget-divider--bg-round{--divider-pattern-repeat:round}.rtl .elementor-widget-divider .elementor-divider__text{direction:rtl}.e-con-inner>.elementor-widget-divider,.e-con>.elementor-widget-divider{width:var(--container-widget-width,100%);--flex-grow:var(--container-widget-flex-grow)}<\/style>\t\t<div class=\"elementor-divider\">\n\t\t\t<span class=\"elementor-divider-separator\">\n\t\t\t\t\t\t<\/span>\n\t\t<\/div>\n\t\t\t\t<\/div>\n\t\t\t\t<\/div>\n\t\t\t\t<div class=\"elementor-element elementor-element-9b6db9f elementor-widget elementor-widget-text-editor\" data-id=\"9b6db9f\" data-element_type=\"widget\" data-widget_type=\"text-editor.default\">\n\t\t\t\t<div class=\"elementor-widget-container\">\n\t\t\t\t\t\t\t<p><strong>Comment nous contacter en tant que client :<\/strong><\/p><p>\u00a0<\/p><p class=\" translation-block\"><strong>Assistance technique:<\/strong> En cas de probl\u00e8mes avec la connexion, les achats, les produits ou tout autre probl\u00e8me technique, veuillez contacter julia@andreas-matuska.com<\/p><p>\u00a0<\/p><p class=\" translation-block\"><strong>Assistance \u00e0 la facturation :<\/strong> en cas de probl\u00e8mes li\u00e9s \u00e0 des paiements \u00e9chou\u00e9s, des factures, des demandes de remboursement, des options de paiement, etc., veuillez contacter julia@andreas-matuska.com.<\/p><p>\u00a0<\/p><p class=\" translation-block\"><strong>Assistance aux programmes :<\/strong> si vous \u00eates un client et que vous avez besoin d'aide pour votre produit, veuillez poster sur le groupe Facebook des \u00e9tudiants ou participer aux sessions de questions-r\u00e9ponses et aux appels de coaching pour votre programme respectif.<\/p><p>\u00a0<\/p><p class=\" translation-block\"><strong>Demandes g\u00e9n\u00e9rales\u00a0:<\/strong> Demandes g\u00e9n\u00e9rales : veuillez envoyer un e-mail \u00e0 julia@andreas-matuska.com. Nos heures de bureau sont du lundi au vendredi de 10h \u00e0 18h. Nous r\u00e9pondons en premier aux demandes des clients, c'est pourquoi nous demandons une r\u00e9ponse dans les 24-72 heures.<\/p><p>\u00a0<\/p><p>AMATUSKA LLC Team<\/p>\t\t\t\t\t\t<\/div>\n\t\t\t\t<\/div>\n\t\t\t\t\t<\/div>\n\t\t\t\t<\/div>\n\t\t\t\t<\/div>","protected":false},"excerpt":{"rendered":"<p>support@andreas-matuska.com Sharjah Media City \u2011 ShamsP.O. Box 8305, Sharjah, UAE +971 58 523 7526\u202c Wie Sie sich als Kunde mit uns in Verbindung setzen k\u00f6nnen: \u00a0 Technische Unterst\u00fctzung: Bei Problemen mit dem Einloggen, Eink\u00e4ufen, Produkten oder anderen technischen Problemen wenden Sie sich bitte an julia@andreas-matuska.com \u00a0 Unterst\u00fctzung bei der Rechnungsstellung: Bei Problemen mit fehlgeschlagenen Zahlungen, [&hellip;]<\/p>","protected":false},"author":2,"featured_media":0,"parent":0,"menu_order":0,"comment_status":"closed","ping_status":"closed","template":"","meta":[],"acf":[],"_links":{"self":[{"href":"https:\/\/andreas-matuska.com\/fr\/wp-json\/wp\/v2\/pages\/629"}],"collection":[{"href":"https:\/\/andreas-matuska.com\/fr\/wp-json\/wp\/v2\/pages"}],"about":[{"href":"https:\/\/andreas-matuska.com\/fr\/wp-json\/wp\/v2\/types\/page"}],"author":[{"embeddable":true,"href":"https:\/\/andreas-matuska.com\/fr\/wp-json\/wp\/v2\/users\/2"}],"replies":[{"embeddable":true,"href":"https:\/\/andreas-matuska.com\/fr\/wp-json\/wp\/v2\/comments?post=629"}],"version-history":[{"count":10,"href":"https:\/\/andreas-matuska.com\/fr\/wp-json\/wp\/v2\/pages\/629\/revisions"}],"predecessor-version":[{"id":1839,"href":"https:\/\/andreas-matuska.com\/fr\/wp-json\/wp\/v2\/pages\/629\/revisions\/1839"}],"wp:attachment":[{"href":"https:\/\/andreas-matuska.com\/fr\/wp-json\/wp\/v2\/media?parent=629"}],"curies":[{"name":"wp","href":"https:\/\/api.w.org\/{rel}","templated":true}]}}