{"id":386,"date":"2022-08-06T15:24:09","date_gmt":"2022-08-06T13:24:09","guid":{"rendered":"https:\/\/andreas-matuska.com\/?page_id=386"},"modified":"2026-03-18T09:21:27","modified_gmt":"2026-03-18T08:21:27","slug":"angebot","status":"publish","type":"page","link":"https:\/\/andreas-matuska.com\/fr\/offre\/","title":{"rendered":"Offre"},"content":{"rendered":"<div data-elementor-type=\"wp-page\" data-elementor-id=\"386\" class=\"elementor elementor-386\">\n\t\t\t\t<div class=\"elementor-element elementor-element-dacc749 e-con-full e-flex elementor-invisible e-con e-parent\" data-id=\"dacc749\" data-element_type=\"container\" data-settings=\"{&quot;animation&quot;:&quot;fadeIn&quot;,&quot;jet_parallax_layout_list&quot;:[]}\">\n\t\t<div class=\"elementor-element elementor-element-25f9902 e-flex e-con-boxed e-con e-child\" data-id=\"25f9902\" data-element_type=\"container\" data-settings=\"{&quot;jet_parallax_layout_list&quot;:[]}\">\n\t\t\t\t\t<div class=\"e-con-inner\">\n\t\t\t\t<div class=\"elementor-element elementor-element-93d0003 elementor-widget elementor-widget-heading\" data-id=\"93d0003\" data-element_type=\"widget\" data-widget_type=\"heading.default\">\n\t\t\t\t<div class=\"elementor-widget-container\">\n\t\t\t<style>\/*! elementor - v3.23.0 - 05-08-2024 *\/\n.elementor-heading-title{padding:0;margin:0;line-height:1}.elementor-widget-heading .elementor-heading-title[class*=elementor-size-]>a{color:inherit;font-size:inherit;line-height:inherit}.elementor-widget-heading .elementor-heading-title.elementor-size-small{font-size:15px}.elementor-widget-heading .elementor-heading-title.elementor-size-medium{font-size:19px}.elementor-widget-heading .elementor-heading-title.elementor-size-large{font-size:29px}.elementor-widget-heading .elementor-heading-title.elementor-size-xl{font-size:39px}.elementor-widget-heading .elementor-heading-title.elementor-size-xxl{font-size:59px}<\/style><h6 class=\"elementor-heading-title elementor-size-default\">AGENCE. CONSULTATION. COACHING.<\/h6>\t\t<\/div>\n\t\t\t\t<\/div>\n\t\t\t\t<div class=\"elementor-element elementor-element-501e444 elementor-widget elementor-widget-heading\" data-id=\"501e444\" data-element_type=\"widget\" data-widget_type=\"heading.default\">\n\t\t\t\t<div class=\"elementor-widget-container\">\n\t\t\t<h6 class=\"elementor-heading-title elementor-size-default\">Nous d\u00e9veloppons des strat\u00e9gies avec clairvoyance.<\/h6>\t\t<\/div>\n\t\t\t\t<\/div>\n\t\t\t\t<div class=\"elementor-element elementor-element-3555a59 elementor-widget elementor-widget-text-editor\" data-id=\"3555a59\" data-element_type=\"widget\" data-widget_type=\"text-editor.default\">\n\t\t\t\t<div class=\"elementor-widget-container\">\n\t\t\t<style>\/*! elementor - v3.23.0 - 05-08-2024 *\/\n.elementor-widget-text-editor.elementor-drop-cap-view-stacked .elementor-drop-cap{background-color:#69727d;color:#fff}.elementor-widget-text-editor.elementor-drop-cap-view-framed .elementor-drop-cap{color:#69727d;border:3px solid;background-color:transparent}.elementor-widget-text-editor:not(.elementor-drop-cap-view-default) .elementor-drop-cap{margin-top:8px}.elementor-widget-text-editor:not(.elementor-drop-cap-view-default) .elementor-drop-cap-letter{width:1em;height:1em}.elementor-widget-text-editor .elementor-drop-cap{float:left;text-align:center;line-height:1;font-size:50px}.elementor-widget-text-editor .elementor-drop-cap-letter{display:inline-block}<\/style>\t\t\t\t<p>Unsere Vision ist es, Menschen den Weg in die Selbstst\u00e4ndigkeit zu ebnen und Marketingagenturen dabei zu unterst\u00fctzen, nachhaltig zu wachsen. Wir bieten zwei ma\u00dfgeschneiderte Modelle an: die <span style=\"text-decoration: underline;\"><strong>1-zu-1-Partnerschaft f\u00fcr Quereinsteiger<\/strong><\/span> und die <span style=\"text-decoration: underline;\"><strong>Franchise-Kooperation<\/strong><\/span> f\u00fcr bestehende Agenturen.<\/p>\t\t\t\t\t\t<\/div>\n\t\t\t\t<\/div>\n\t\t\t\t\t<\/div>\n\t\t\t\t<\/div>\n\t\t\t\t<\/div>\n\t\t<div class=\"elementor-element elementor-element-0b772be e-flex e-con-boxed elementor-invisible e-con e-parent\" data-id=\"0b772be\" data-element_type=\"container\" data-settings=\"{&quot;animation&quot;:&quot;fadeIn&quot;,&quot;jet_parallax_layout_list&quot;:[]}\">\n\t\t\t\t\t<div class=\"e-con-inner\">\n\t\t<div class=\"elementor-element elementor-element-c23a90b e-con-full e-flex e-con e-child\" data-id=\"c23a90b\" data-element_type=\"container\" data-settings=\"{&quot;jet_parallax_layout_list&quot;:[]}\">\n\t\t\t\t<div class=\"elementor-element elementor-element-b06e03c elementor-widget elementor-widget-heading\" data-id=\"b06e03c\" data-element_type=\"widget\" data-widget_type=\"heading.default\">\n\t\t\t\t<div class=\"elementor-widget-container\">\n\t\t\t<h2 class=\"elementor-heading-title elementor-size-default\">Die <span class=\"heading-underline\">1-zu-1 Partnerschaft<\/span><\/h2>\t\t<\/div>\n\t\t\t\t<\/div>\n\t\t\t\t<div class=\"elementor-element elementor-element-bb6bee8 elementor-widget-tablet__width-initial elementor-widget-mobile__width-inherit elementor-widget elementor-widget-text-editor\" data-id=\"bb6bee8\" data-element_type=\"widget\" data-widget_type=\"text-editor.default\">\n\t\t\t\t<div class=\"elementor-widget-container\">\n\t\t\t\t\t\t\t<p><strong>(zurzeit keine Pl\u00e4tze verf\u00fcgbar)<\/strong><\/p>\t\t\t\t\t\t<\/div>\n\t\t\t\t<\/div>\n\t\t\t\t<div class=\"elementor-element elementor-element-4744c04 elementor-widget-tablet__width-initial elementor-widget-mobile__width-inherit elementor-widget elementor-widget-text-editor\" data-id=\"4744c04\" data-element_type=\"widget\" data-widget_type=\"text-editor.default\">\n\t\t\t\t<div class=\"elementor-widget-container\">\n\t\t\t\t\t\t\t<p>F\u00fcr Quereinsteiger, die vom Angestelltenverh\u00e4ltnis in die Selbstst\u00e4ndigkeit wechseln wollen<\/p>\t\t\t\t\t\t<\/div>\n\t\t\t\t<\/div>\n\t\t\t\t<div class=\"elementor-element elementor-element-5693b95 elementor-widget elementor-widget-heading\" data-id=\"5693b95\" data-element_type=\"widget\" data-widget_type=\"heading.default\">\n\t\t\t\t<div class=\"elementor-widget-container\">\n\t\t\t<h2 class=\"elementor-heading-title elementor-size-default\">Was ist die 1-zu-1-Partnerschaft?<\/h2>\t\t<\/div>\n\t\t\t\t<\/div>\n\t\t\t\t<div class=\"elementor-element elementor-element-a06fdeb elementor-widget-tablet__width-initial elementor-widget-mobile__width-inherit elementor-widget elementor-widget-text-editor\" data-id=\"a06fdeb\" data-element_type=\"widget\" data-widget_type=\"text-editor.default\">\n\t\t\t\t<div class=\"elementor-widget-container\">\n\t\t\t\t\t\t\tWenn du gerade angestellt bist und den Wunsch hast, in die Selbstst\u00e4ndigkeit zu starten, aber keine Vorkenntnisse im Marketing hast, ist die 1-zu-1-Partnerschaft genau das Richtige f\u00fcr dich. In diesem Modell arbeiten wir eng mit dir zusammen, um dir zu zeigen, wie du deine eigene Marketingagentur aufbauen kannst. Ziel ist es, dass du in den ersten 24 Monaten den Schritt in die Selbstst\u00e4ndigkeit machst. \t\t\t\t\t\t<\/div>\n\t\t\t\t<\/div>\n\t\t\t\t<div class=\"elementor-element elementor-element-24aa6e9 elementor-widget elementor-widget-heading\" data-id=\"24aa6e9\" data-element_type=\"widget\" data-widget_type=\"heading.default\">\n\t\t\t\t<div class=\"elementor-widget-container\">\n\t\t\t<h2 class=\"elementor-heading-title elementor-size-default\">Wie funktioniert das?<\/h2>\t\t<\/div>\n\t\t\t\t<\/div>\n\t\t\t\t<div class=\"elementor-element elementor-element-9d3f067 elementor-widget-tablet__width-initial elementor-widget-mobile__width-inherit elementor-widget elementor-widget-text-editor\" data-id=\"9d3f067\" data-element_type=\"widget\" data-widget_type=\"text-editor.default\">\n\t\t\t\t<div class=\"elementor-widget-container\">\n\t\t\t\t\t\t\t<p>Wir begleiten dich auf deinem gesamten Weg \u2013 vom ersten Schritt Nebenberuflich bis zum finalen Einstieg in die Selbstst\u00e4ndigkeit. Du erh\u00e4ltst von uns alle Vorlagen und Schablonen, die dir helfen, deine ersten Schritte schnell und effektiv zu gehen. Au\u00dferdem wirst du in einer pers\u00f6nlichen Ausbildung vor Ort in Dubai intensiv geschult und erh\u00e4ltst einen tiefen Einblick in unser erprobtes System.<\/p><p>Die Kooperation l\u00e4uft \u00fcber 24 Monate, in denen wir dich kontinuierlich unterst\u00fctzen. W\u00e4hrend dieser Zeit wirst du an rund 300 Analysegespr\u00e4chen mit unseren Experten-Team teilnehmen, die daf\u00fcr sorgen, dass du jeden Tag besser wirst. Bei jedem Problem stehen wir dir zur Seite und arbeiten Hand in Hand, um gemeinsam L\u00f6sungen zu finden und dich erfolgreich zu machen. Wir helfen dir dabei, deine ersten Kunden zu gewinnen, dein Gesch\u00e4ft kontinuierlich auszubauen und immer weiter zu wachsen.<\/p><p><strong>Voraussetzungen f\u00fcr eine Kooperation:<\/strong><\/p><ul><li>Du bist <strong>mindestens 20 Jahre alt<\/strong>.<\/li><li>Du bist <strong>unbefristet angestellt<\/strong> und hast ein regelm\u00e4\u00dfiges Einkommen.<\/li><li>Du hast <strong>mindestens 10 Stunden Zeit<\/strong> pro Woche, die du in den Aufbau deiner Agentur investieren kannst.<\/li><\/ul>\t\t\t\t\t\t<\/div>\n\t\t\t\t<\/div>\n\t\t\t\t<div class=\"elementor-element elementor-element-d601dcb elementor-align-justify elementor-widget elementor-widget-button\" data-id=\"d601dcb\" data-element_type=\"widget\" data-widget_type=\"button.default\">\n\t\t\t\t<div class=\"elementor-widget-container\">\n\t\t\t\t\t<div class=\"elementor-button-wrapper\">\n\t\t\t<a class=\"elementor-button elementor-button-link elementor-size-md\" href=\"https:\/\/info.digiscale.app\/widget\/form\/OeYFd3vtmTFPb235pdDV\">\n\t\t\t\t\t\t<span class=\"elementor-button-content-wrapper\">\n\t\t\t\t\t\t\t\t\t<span class=\"elementor-button-text\">Anmelden f\u00fcr die Warteliste 2026 <\/span>\n\t\t\t\t\t<\/span>\n\t\t\t\t\t<\/a>\n\t\t<\/div>\n\t\t\t\t<\/div>\n\t\t\t\t<\/div>\n\t\t\t\t<\/div>\n\t\t<div class=\"elementor-element elementor-element-73ababb e-con-full e-flex e-con e-child\" data-id=\"73ababb\" data-element_type=\"container\" data-settings=\"{&quot;jet_parallax_layout_list&quot;:[]}\">\n\t\t\t\t<div class=\"elementor-element elementor-element-9cbcf03 elementor-widget elementor-widget-heading\" data-id=\"9cbcf03\" data-element_type=\"widget\" data-widget_type=\"heading.default\">\n\t\t\t\t<div class=\"elementor-widget-container\">\n\t\t\t<h2 class=\"elementor-heading-title elementor-size-default\">Die <span class=\"heading-underline\"\">Franchise-Kooperation<\/span><\/h2>\t\t<\/div>\n\t\t\t\t<\/div>\n\t\t\t\t<div class=\"elementor-element elementor-element-5bbfd11 elementor-widget-tablet__width-initial elementor-widget-mobile__width-inherit elementor-widget elementor-widget-text-editor\" data-id=\"5bbfd11\" data-element_type=\"widget\" data-widget_type=\"text-editor.default\">\n\t\t\t\t<div class=\"elementor-widget-container\">\n\t\t\t\t\t\t\t<p><strong>(zurzeit keine Pl\u00e4tze verf\u00fcgbar)<\/strong><\/p>\t\t\t\t\t\t<\/div>\n\t\t\t\t<\/div>\n\t\t\t\t<div class=\"elementor-element elementor-element-b64880b elementor-widget-tablet__width-initial elementor-widget-mobile__width-inherit elementor-widget elementor-widget-text-editor\" data-id=\"b64880b\" data-element_type=\"widget\" data-widget_type=\"text-editor.default\">\n\t\t\t\t<div class=\"elementor-widget-container\">\n\t\t\t\t\t\t\t<p>F\u00fcr bestehende Marketingagenturen, die ihren Umsatz skalieren m\u00f6chten<\/p>\t\t\t\t\t\t<\/div>\n\t\t\t\t<\/div>\n\t\t\t\t<div class=\"elementor-element elementor-element-3d73a1e elementor-widget elementor-widget-heading\" data-id=\"3d73a1e\" data-element_type=\"widget\" data-widget_type=\"heading.default\">\n\t\t\t\t<div class=\"elementor-widget-container\">\n\t\t\t<h2 class=\"elementor-heading-title elementor-size-default\">Was ist die Franchise-Kooperation?<\/h2>\t\t<\/div>\n\t\t\t\t<\/div>\n\t\t\t\t<div class=\"elementor-element elementor-element-0ef5c8c elementor-widget-tablet__width-initial elementor-widget-mobile__width-inherit elementor-widget elementor-widget-text-editor\" data-id=\"0ef5c8c\" data-element_type=\"widget\" data-widget_type=\"text-editor.default\">\n\t\t\t\t<div class=\"elementor-widget-container\">\n\t\t\t\t\t\t\t<p>Die Franchise-Kooperation richtet sich an Agenturen, die bereits ein funktionierendes Gesch\u00e4ftsmodell haben und konstant \u00fcber 10.000 Euro Monatsumsatz machen. In diesem Modell bieten wir dir die M\u00f6glichkeit, deine Agentur zu skalieren \u2013 mit gezielten Investitionen und der Expertise unseres Teams. Wenn du dein Agenturgesch\u00e4ft weiter ausbauen und auf das n\u00e4chste Level bringen m\u00f6chtest, dann ist dieses Modell f\u00fcr dich.<\/p>\t\t\t\t\t\t<\/div>\n\t\t\t\t<\/div>\n\t\t\t\t<div class=\"elementor-element elementor-element-4badd8f elementor-widget elementor-widget-heading\" data-id=\"4badd8f\" data-element_type=\"widget\" data-widget_type=\"heading.default\">\n\t\t\t\t<div class=\"elementor-widget-container\">\n\t\t\t<h2 class=\"elementor-heading-title elementor-size-default\">Wie funktioniert das?<\/h2>\t\t<\/div>\n\t\t\t\t<\/div>\n\t\t\t\t<div class=\"elementor-element elementor-element-c787510 elementor-widget-tablet__width-initial elementor-widget-mobile__width-inherit elementor-widget elementor-widget-text-editor\" data-id=\"c787510\" data-element_type=\"widget\" data-widget_type=\"text-editor.default\">\n\t\t\t\t<div class=\"elementor-widget-container\">\n\t\t\t\t\t\t\t<p>In der Franchise-Kooperation bringen wir Kapital und unser Expertenwissen ein. Wir arbeiten eng mit dir zusammen, um Prozesse zu optimieren, den Umsatz zu steigern und deine Agentur noch erfolgreicher zu machen. Du beh\u00e4ltst die volle Kontrolle \u00fcber dein Gesch\u00e4ft, w\u00e4hrend du von unserer Erfahrung und unserem Netzwerk profitierst. Zusammen skalieren wir deine Agentur und bringen sie auf eine neue Ebene.<\/p><p><strong>Voraussetzungen f\u00fcr eine Kooperation:<\/strong><\/p><ul><li>Du hast bereits eine bestehende Marketingagentur, die in den letzten <strong>3 Monaten<\/strong> jeden Monat <strong>mindestens 10.000 Euro Umsatz<\/strong> erzielt hat.<\/li><li>Du verf\u00fcgst \u00fcber <strong>Grundwissen in Werbeschaltung<\/strong> und hast Erfahrung im <strong>Verkauf<\/strong>.<\/li><li>Deine Agentur ist bereit, mit unserer Hilfe weiter zu wachsen und sich zu skalieren.<\/li><\/ul><p>\u00a0<\/p>\t\t\t\t\t\t<\/div>\n\t\t\t\t<\/div>\n\t\t\t\t<div class=\"elementor-element elementor-element-92a51a3 elementor-align-justify elementor-widget elementor-widget-button\" data-id=\"92a51a3\" data-element_type=\"widget\" data-widget_type=\"button.default\">\n\t\t\t\t<div class=\"elementor-widget-container\">\n\t\t\t\t\t<div class=\"elementor-button-wrapper\">\n\t\t\t<a class=\"elementor-button elementor-button-link elementor-size-md\" href=\"https:\/\/info.digiscale.app\/widget\/form\/OeYFd3vtmTFPb235pdDV\">\n\t\t\t\t\t\t<span class=\"elementor-button-content-wrapper\">\n\t\t\t\t\t\t\t\t\t<span class=\"elementor-button-text\">Anmelden f\u00fcr die Warteliste 2026 <\/span>\n\t\t\t\t\t<\/span>\n\t\t\t\t\t<\/a>\n\t\t<\/div>\n\t\t\t\t<\/div>\n\t\t\t\t<\/div>\n\t\t\t\t<\/div>\n\t\t<div class=\"elementor-element elementor-element-47d4791 e-con-full elementor-hidden-tablet elementor-hidden-mobile e-flex e-con e-child\" data-id=\"47d4791\" data-element_type=\"container\" data-settings=\"{&quot;jet_parallax_layout_list&quot;:[]}\">\n\t\t\t\t<\/div>\n\t\t\t\t\t<\/div>\n\t\t\t\t<\/div>\n\t\t\t\t<\/div>","protected":false},"excerpt":{"rendered":"<p>Agentur. Beratung. Coaching. Wir entwickeln Strategien mit Weitsicht Unsere Vision ist es, Menschen den Weg in die Selbstst\u00e4ndigkeit zu ebnen und Marketingagenturen dabei zu unterst\u00fctzen, nachhaltig zu wachsen. Wir bieten zwei ma\u00dfgeschneiderte Modelle an: die 1-zu-1-Partnerschaft f\u00fcr Quereinsteiger und die Franchise-Kooperation f\u00fcr bestehende Agenturen. Die 1-zu-1 Partnerschaft (zurzeit keine Pl\u00e4tze verf\u00fcgbar) F\u00fcr Quereinsteiger, die vom [&hellip;]<\/p>","protected":false},"author":2,"featured_media":394,"parent":0,"menu_order":0,"comment_status":"closed","ping_status":"closed","template":"","meta":[],"acf":[],"_links":{"self":[{"href":"https:\/\/andreas-matuska.com\/fr\/wp-json\/wp\/v2\/pages\/386"}],"collection":[{"href":"https:\/\/andreas-matuska.com\/fr\/wp-json\/wp\/v2\/pages"}],"about":[{"href":"https:\/\/andreas-matuska.com\/fr\/wp-json\/wp\/v2\/types\/page"}],"author":[{"embeddable":true,"href":"https:\/\/andreas-matuska.com\/fr\/wp-json\/wp\/v2\/users\/2"}],"replies":[{"embeddable":true,"href":"https:\/\/andreas-matuska.com\/fr\/wp-json\/wp\/v2\/comments?post=386"}],"version-history":[{"count":10,"href":"https:\/\/andreas-matuska.com\/fr\/wp-json\/wp\/v2\/pages\/386\/revisions"}],"predecessor-version":[{"id":1929,"href":"https:\/\/andreas-matuska.com\/fr\/wp-json\/wp\/v2\/pages\/386\/revisions\/1929"}],"wp:featuredmedia":[{"embeddable":true,"href":"https:\/\/andreas-matuska.com\/fr\/wp-json\/wp\/v2\/media\/394"}],"wp:attachment":[{"href":"https:\/\/andreas-matuska.com\/fr\/wp-json\/wp\/v2\/media?parent=386"}],"curies":[{"name":"wp","href":"https:\/\/api.w.org\/{rel}","templated":true}]}}