{"id":333,"date":"2022-08-06T14:19:24","date_gmt":"2022-08-06T12:19:24","guid":{"rendered":"https:\/\/andreas-matuska.com\/?page_id=333"},"modified":"2025-08-14T15:38:27","modified_gmt":"2025-08-14T13:38:27","slug":"ueber-andreas-matuska","status":"publish","type":"page","link":"https:\/\/andreas-matuska.com\/fr\/a-propos-d-andreas\/","title":{"rendered":"\u00dcber Andreas Matuska"},"content":{"rendered":"<div data-elementor-type=\"wp-page\" data-elementor-id=\"333\" class=\"elementor elementor-333\">\n\t\t\t\t<div class=\"elementor-element elementor-element-1f1e54d e-flex e-con-boxed e-con e-parent\" data-id=\"1f1e54d\" data-element_type=\"container\" data-settings=\"{&quot;jet_parallax_layout_list&quot;:[]}\">\n\t\t\t\t\t<div class=\"e-con-inner\">\n\t\t<div class=\"elementor-element elementor-element-7c77787 e-flex e-con-boxed e-con e-child\" data-id=\"7c77787\" data-element_type=\"container\" data-settings=\"{&quot;jet_parallax_layout_list&quot;:[]}\">\n\t\t\t\t\t<div class=\"e-con-inner\">\n\t\t\t\t<div class=\"elementor-element elementor-element-2771a10 elementor-widget elementor-widget-heading\" data-id=\"2771a10\" data-element_type=\"widget\" data-widget_type=\"heading.default\">\n\t\t\t\t<div class=\"elementor-widget-container\">\n\t\t\t<style>\/*! elementor - v3.23.0 - 05-08-2024 *\/\n.elementor-heading-title{padding:0;margin:0;line-height:1}.elementor-widget-heading .elementor-heading-title[class*=elementor-size-]>a{color:inherit;font-size:inherit;line-height:inherit}.elementor-widget-heading .elementor-heading-title.elementor-size-small{font-size:15px}.elementor-widget-heading .elementor-heading-title.elementor-size-medium{font-size:19px}.elementor-widget-heading .elementor-heading-title.elementor-size-large{font-size:29px}.elementor-widget-heading .elementor-heading-title.elementor-size-xl{font-size:39px}.elementor-widget-heading .elementor-heading-title.elementor-size-xxl{font-size:59px}<\/style><h2 class=\"elementor-heading-title elementor-size-default translation-block\">Qui est <br><span class=\"heading-underline\">Andreas Matuska ?<\/span><\/h2>\t\t<\/div>\n\t\t\t\t<\/div>\n\t\t\t\t<div class=\"elementor-element elementor-element-22cad9b elementor-widget elementor-widget-text-editor\" data-id=\"22cad9b\" data-element_type=\"widget\" data-widget_type=\"text-editor.default\">\n\t\t\t\t<div class=\"elementor-widget-container\">\n\t\t\t<style>\/*! elementor - v3.23.0 - 05-08-2024 *\/\n.elementor-widget-text-editor.elementor-drop-cap-view-stacked .elementor-drop-cap{background-color:#69727d;color:#fff}.elementor-widget-text-editor.elementor-drop-cap-view-framed .elementor-drop-cap{color:#69727d;border:3px solid;background-color:transparent}.elementor-widget-text-editor:not(.elementor-drop-cap-view-default) .elementor-drop-cap{margin-top:8px}.elementor-widget-text-editor:not(.elementor-drop-cap-view-default) .elementor-drop-cap-letter{width:1em;height:1em}.elementor-widget-text-editor .elementor-drop-cap{float:left;text-align:center;line-height:1;font-size:50px}.elementor-widget-text-editor .elementor-drop-cap-letter{display:inline-block}<\/style>\t\t\t\t<p class=\" translation-block\"><b>Andreas Matuska<\/b> est l'un des meilleurs <b>sp\u00e9cialistes du marketing en ligne au monde.<\/b> Il a plus de 11 ans <b>d'exp\u00e9rience dans les domaines des m\u00e9dias sociaux, du marketing de r\u00e9seau et du marketing en ligne.<\/b><\/p>\t\t\t\t\t\t<\/div>\n\t\t\t\t<\/div>\n\t\t\t\t<div class=\"elementor-element elementor-element-58c3353 elementor-widget elementor-widget-text-editor\" data-id=\"58c3353\" data-element_type=\"widget\" data-widget_type=\"text-editor.default\">\n\t\t\t\t<div class=\"elementor-widget-container\">\n\t\t\t\t\t\t\tTu en apprendras plus sur son parcours ici :\t\t\t\t\t\t<\/div>\n\t\t\t\t<\/div>\n\t\t\t\t\t<\/div>\n\t\t\t\t<\/div>\n\t\t\t\t<div class=\"elementor-element elementor-element-a96aff8 elementor-invisible elementor-widget elementor-widget-jet-timeline\" data-id=\"a96aff8\" data-element_type=\"widget\" data-settings=\"{&quot;_animation&quot;:&quot;fadeIn&quot;}\" data-widget_type=\"jet-timeline.default\">\n\t\t\t\t<div class=\"elementor-widget-container\">\n\t\t\t<div class=\"elementor-jet-timeline jet-elements\"><div class=\"jet-timeline jet-timeline--align-center jet-timeline--align-middle\">\n\t<div class=\"jet-timeline__line\"><div class=\"jet-timeline__line-progress\"><\/div><\/div>\n\t<div class=\"jet-timeline-list\"><div class=\"jet-timeline-item jet-timeline-item--animated elementor-repeater-item-bf90661 jet-timeline-item--image-inside\">\n\t<div class=\"timeline-item__card\">\n\t\t<div class=\"timeline-item__card-inner\">\n\t\t\t\t\t\t\t\t<div class=\"timeline-item__card-content\">\n\t\t\t\t\t<div class=\"timeline-item__meta\"><div class=\"timeline-item__meta-content\">Octobre, 1995<\/div><\/div><div class=\"timeline-item__card-desc\">Naissance en Autriche, dans un petit village d\u2019environ 500 habitants.<\/div>\t\t\t\t<\/div>\n\t\t\t\t\t\t<\/div>\n\t\t<div class=\"timeline-item__card-arrow\"><\/div>\n\t<\/div>\n\t<div class=\"timeline-item__point\"><div class=\"timeline-item__point-content timeline-item__point-content--icon\"><span class=\"jet-elements-icon\"><i aria-hidden=\"true\" class=\"fas fa-calendar-alt\"><\/i><\/span><\/div><\/div><div class=\"timeline-item__meta\"><div class=\"timeline-item__meta-content\">Octobre, 1995<\/div><\/div><\/div><div class=\"jet-timeline-item jet-timeline-item--animated elementor-repeater-item-ed14aff jet-timeline-item--image-inside\">\n\t<div class=\"timeline-item__card\">\n\t\t<div class=\"timeline-item__card-inner\">\n\t\t\t\t<div class=\"timeline-item__card-img\"><img fetchpriority=\"high\" width=\"702\" height=\"690\" src=\"https:\/\/andreas-matuska.com\/wp-content\/uploads\/2022\/08\/WhatsApp-Image-2022-08-16-at-1.38.00-PM.jpeg\" class=\"attachment-full size-full wp-image-1236\" alt=\"\" decoding=\"async\" srcset=\"https:\/\/andreas-matuska.com\/wp-content\/uploads\/2022\/08\/WhatsApp-Image-2022-08-16-at-1.38.00-PM.jpeg 702w, https:\/\/andreas-matuska.com\/wp-content\/uploads\/2022\/08\/WhatsApp-Image-2022-08-16-at-1.38.00-PM-300x295.jpeg 300w\" sizes=\"(max-width: 702px) 100vw, 702px\" \/><\/div>\t\t\t\t<div class=\"timeline-item__card-content\">\n\t\t\t\t\t<div class=\"timeline-item__meta\"><div class=\"timeline-item__meta-content\">Septembre, 2011<\/div><\/div><div class=\"timeline-item__card-desc\">Formation d\u2019agent commercial industriel.<\/div>\t\t\t\t<\/div>\n\t\t\t\t\t\t<\/div>\n\t\t<div class=\"timeline-item__card-arrow\"><\/div>\n\t<\/div>\n\t<div class=\"timeline-item__point\"><div class=\"timeline-item__point-content timeline-item__point-content--icon\"><span class=\"jet-elements-icon\"><i aria-hidden=\"true\" class=\"fas fa-calendar-alt\"><\/i><\/span><\/div><\/div><div class=\"timeline-item__meta\"><div class=\"timeline-item__meta-content\">Septembre, 2011<\/div><\/div><\/div><div class=\"jet-timeline-item jet-timeline-item--animated elementor-repeater-item-07dec5e jet-timeline-item--image-inside\">\n\t<div class=\"timeline-item__card\">\n\t\t<div class=\"timeline-item__card-inner\">\n\t\t\t\t\t\t\t\t<div class=\"timeline-item__card-content\">\n\t\t\t\t\t<div class=\"timeline-item__meta\"><div class=\"timeline-item__meta-content\">D\u00e9cembre, 2012<\/div><\/div><div class=\"timeline-item__card-desc\">Andreas s\u2019initie au marketing en ligne, il a 17 ans.<\/div>\t\t\t\t<\/div>\n\t\t\t\t\t\t<\/div>\n\t\t<div class=\"timeline-item__card-arrow\"><\/div>\n\t<\/div>\n\t<div class=\"timeline-item__point\"><div class=\"timeline-item__point-content timeline-item__point-content--icon\"><span class=\"jet-elements-icon\"><i aria-hidden=\"true\" class=\"fas fa-calendar-alt\"><\/i><\/span><\/div><\/div><div class=\"timeline-item__meta\"><div class=\"timeline-item__meta-content\">D\u00e9cembre, 2012<\/div><\/div><\/div><div class=\"jet-timeline-item jet-timeline-item--animated elementor-repeater-item-05da5c3 jet-timeline-item--image-inside\">\n\t<div class=\"timeline-item__card\">\n\t\t<div class=\"timeline-item__card-inner\">\n\t\t\t\t<div class=\"timeline-item__card-img\"><img width=\"300\" height=\"300\" src=\"https:\/\/andreas-matuska.com\/wp-content\/uploads\/2022\/08\/WhatsApp-Image-2022-08-16-at-1.38.18-PM-300x300.jpeg\" class=\"attachment-medium size-medium wp-image-1234\" alt=\"\" decoding=\"async\" srcset=\"https:\/\/andreas-matuska.com\/wp-content\/uploads\/2022\/08\/WhatsApp-Image-2022-08-16-at-1.38.18-PM-300x300.jpeg 300w, https:\/\/andreas-matuska.com\/wp-content\/uploads\/2022\/08\/WhatsApp-Image-2022-08-16-at-1.38.18-PM-150x150.jpeg 150w, https:\/\/andreas-matuska.com\/wp-content\/uploads\/2022\/08\/WhatsApp-Image-2022-08-16-at-1.38.18-PM-768x768.jpeg 768w, https:\/\/andreas-matuska.com\/wp-content\/uploads\/2022\/08\/WhatsApp-Image-2022-08-16-at-1.38.18-PM.jpeg 961w\" sizes=\"(max-width: 300px) 100vw, 300px\" \/><\/div>\t\t\t\t<div class=\"timeline-item__card-content\">\n\t\t\t\t\t<div class=\"timeline-item__meta\"><div class=\"timeline-item__meta-content\">Ao\u00fbt, 2013<\/div><\/div><div class=\"timeline-item__card-desc\">Conjointement \u00e0 sa formation d\u2019agent commercial industriel, Andreas cr\u00e9e des pages Instagram et \u00ab Vine \u00bb (anciennement plateforme de vid\u00e9os). Fin 2013, il avait plus de 100 000 followers sur ses plateformes.<\/div>\t\t\t\t<\/div>\n\t\t\t\t\t\t<\/div>\n\t\t<div class=\"timeline-item__card-arrow\"><\/div>\n\t<\/div>\n\t<div class=\"timeline-item__point\"><div class=\"timeline-item__point-content timeline-item__point-content--icon\"><span class=\"jet-elements-icon\"><i aria-hidden=\"true\" class=\"fas fa-calendar-alt\"><\/i><\/span><\/div><\/div><div class=\"timeline-item__meta\"><div class=\"timeline-item__meta-content\">Ao\u00fbt, 2013<\/div><\/div><\/div><div class=\"jet-timeline-item jet-timeline-item--animated elementor-repeater-item-c5868e1 jet-timeline-item--image-inside\">\n\t<div class=\"timeline-item__card\">\n\t\t<div class=\"timeline-item__card-inner\">\n\t\t\t\t<div class=\"timeline-item__card-img\"><img width=\"960\" height=\"1280\" src=\"https:\/\/andreas-matuska.com\/wp-content\/uploads\/2022\/08\/WhatsApp-Image-2022-08-16-at-1.38.11-PM.jpeg\" class=\"attachment-full size-full wp-image-1235\" alt=\"\" decoding=\"async\" srcset=\"https:\/\/andreas-matuska.com\/wp-content\/uploads\/2022\/08\/WhatsApp-Image-2022-08-16-at-1.38.11-PM.jpeg 960w, https:\/\/andreas-matuska.com\/wp-content\/uploads\/2022\/08\/WhatsApp-Image-2022-08-16-at-1.38.11-PM-225x300.jpeg 225w, https:\/\/andreas-matuska.com\/wp-content\/uploads\/2022\/08\/WhatsApp-Image-2022-08-16-at-1.38.11-PM-768x1024.jpeg 768w\" sizes=\"(max-width: 960px) 100vw, 960px\" \/><\/div>\t\t\t\t<div class=\"timeline-item__card-content\">\n\t\t\t\t\t<div class=\"timeline-item__meta\"><div class=\"timeline-item__meta-content\">Septembre, 2014<\/div><\/div><div class=\"timeline-item__card-desc\">Apr\u00e8s sa formation, il se met \u00e0 son compte en tant qu\u2019agent commercial pour des fournitures scolaires, ce qui lui permet de financer ses autres activit\u00e9s. \n<\/div>\t\t\t\t<\/div>\n\t\t\t\t\t\t<\/div>\n\t\t<div class=\"timeline-item__card-arrow\"><\/div>\n\t<\/div>\n\t<div class=\"timeline-item__point\"><div class=\"timeline-item__point-content timeline-item__point-content--icon\"><span class=\"jet-elements-icon\"><i aria-hidden=\"true\" class=\"fas fa-calendar-alt\"><\/i><\/span><\/div><\/div><div class=\"timeline-item__meta\"><div class=\"timeline-item__meta-content\">Septembre, 2014<\/div><\/div><\/div><div class=\"jet-timeline-item jet-timeline-item--animated elementor-repeater-item-2d4085b jet-timeline-item--image-inside\">\n\t<div class=\"timeline-item__card\">\n\t\t<div class=\"timeline-item__card-inner\">\n\t\t\t\t<div class=\"timeline-item__card-img\"><img loading=\"lazy\" width=\"960\" height=\"1280\" src=\"https:\/\/andreas-matuska.com\/wp-content\/uploads\/2022\/08\/WhatsApp-Image-2022-08-16-at-1.47.24-PM.jpeg\" class=\"attachment-full size-full wp-image-1240\" alt=\"\" decoding=\"async\" srcset=\"https:\/\/andreas-matuska.com\/wp-content\/uploads\/2022\/08\/WhatsApp-Image-2022-08-16-at-1.47.24-PM.jpeg 960w, https:\/\/andreas-matuska.com\/wp-content\/uploads\/2022\/08\/WhatsApp-Image-2022-08-16-at-1.47.24-PM-225x300.jpeg 225w, https:\/\/andreas-matuska.com\/wp-content\/uploads\/2022\/08\/WhatsApp-Image-2022-08-16-at-1.47.24-PM-768x1024.jpeg 768w\" sizes=\"(max-width: 960px) 100vw, 960px\" \/><\/div>\t\t\t\t<div class=\"timeline-item__card-content\">\n\t\t\t\t\t<div class=\"timeline-item__meta\"><div class=\"timeline-item__meta-content\">Janvier, 2015<\/div><\/div><div class=\"timeline-item__card-desc\">Andreas suit une formation de 6 mois aupr\u00e8s de l\u2019arm\u00e9e autrichienne.<\/div>\t\t\t\t<\/div>\n\t\t\t\t\t\t<\/div>\n\t\t<div class=\"timeline-item__card-arrow\"><\/div>\n\t<\/div>\n\t<div class=\"timeline-item__point\"><div class=\"timeline-item__point-content timeline-item__point-content--icon\"><span class=\"jet-elements-icon\"><i aria-hidden=\"true\" class=\"fas fa-calendar-alt\"><\/i><\/span><\/div><\/div><div class=\"timeline-item__meta\"><div class=\"timeline-item__meta-content\">Janvier, 2015<\/div><\/div><\/div><div class=\"jet-timeline-item jet-timeline-item--animated elementor-repeater-item-dc6d014 jet-timeline-item--image-inside\">\n\t<div class=\"timeline-item__card\">\n\t\t<div class=\"timeline-item__card-inner\">\n\t\t\t\t\t\t\t\t<div class=\"timeline-item__card-content\">\n\t\t\t\t\t<div class=\"timeline-item__meta\"><div class=\"timeline-item__meta-content\">Mai, 2016<\/div><\/div><div class=\"timeline-item__card-desc\">Apr\u00e8s plusieurs ann\u00e9es d'exp\u00e9riences intensives dans le monde des affaires et de nombreux \u00e9checs, Andreas connait pour la premi\u00e8re fois un succ\u00e8s financier en tant que conseiller client\u00e8le ind\u00e9pendant d'entreprises autrichiennes.<\/div>\t\t\t\t<\/div>\n\t\t\t\t\t\t<\/div>\n\t\t<div class=\"timeline-item__card-arrow\"><\/div>\n\t<\/div>\n\t<div class=\"timeline-item__point\"><div class=\"timeline-item__point-content timeline-item__point-content--icon\"><span class=\"jet-elements-icon\"><i aria-hidden=\"true\" class=\"fas fa-calendar-alt\"><\/i><\/span><\/div><\/div><div class=\"timeline-item__meta\"><div class=\"timeline-item__meta-content\">Mai, 2016<\/div><\/div><\/div><div class=\"jet-timeline-item jet-timeline-item--animated elementor-repeater-item-8dae76b jet-timeline-item--image-inside\">\n\t<div class=\"timeline-item__card\">\n\t\t<div class=\"timeline-item__card-inner\">\n\t\t\t\t<div class=\"timeline-item__card-img\"><img loading=\"lazy\" width=\"672\" height=\"504\" src=\"https:\/\/andreas-matuska.com\/wp-content\/uploads\/2022\/08\/image-10.png\" class=\"attachment-medium_large size-medium_large wp-image-336\" alt=\"\" decoding=\"async\" srcset=\"https:\/\/andreas-matuska.com\/wp-content\/uploads\/2022\/08\/image-10.png 672w, https:\/\/andreas-matuska.com\/wp-content\/uploads\/2022\/08\/image-10-300x225.png 300w\" sizes=\"(max-width: 672px) 100vw, 672px\" \/><\/div>\t\t\t\t<div class=\"timeline-item__card-content\">\n\t\t\t\t\t<div class=\"timeline-item__meta\"><div class=\"timeline-item__meta-content\">Novembre, 2018<\/div><\/div><div class=\"timeline-item__card-desc translation-block\">Avec l'ancienne entreprise partenaire d'Andreas et la Child and Family Foundation, il visite l\u2019\u00e9cole Nelson Mandela \u00e0 Qunu, dans laquelle Andreas et ses partenaires de distribution contribuent de mani\u00e8re d\u00e9terminante \u00e0 la construction.<br><br>\nTu trouveras plus d'informations sur ce projet sous <a href=\"https:\/\/andreas-matuska.com\/fr\/charity\" target=\"_self\"> Charity.<\/a><\/div>\t\t\t\t<\/div>\n\t\t\t\t\t\t<\/div>\n\t\t<div class=\"timeline-item__card-arrow\"><\/div>\n\t<\/div>\n\t<div class=\"timeline-item__point\"><div class=\"timeline-item__point-content timeline-item__point-content--icon\"><span class=\"jet-elements-icon\"><i aria-hidden=\"true\" class=\"fas fa-calendar-alt\"><\/i><\/span><\/div><\/div><div class=\"timeline-item__meta\"><div class=\"timeline-item__meta-content\">Novembre, 2018<\/div><\/div><\/div><div class=\"jet-timeline-item jet-timeline-item--animated elementor-repeater-item-0c8ddae jet-timeline-item--image-inside\">\n\t<div class=\"timeline-item__card\">\n\t\t<div class=\"timeline-item__card-inner\">\n\t\t\t\t<div class=\"timeline-item__card-img\"><img loading=\"lazy\" width=\"768\" height=\"432\" src=\"https:\/\/andreas-matuska.com\/wp-content\/uploads\/2022\/08\/123123-768x432.jpg\" class=\"attachment-medium_large size-medium_large wp-image-337\" alt=\"\" decoding=\"async\" srcset=\"https:\/\/andreas-matuska.com\/wp-content\/uploads\/2022\/08\/123123-768x432.jpg 768w, https:\/\/andreas-matuska.com\/wp-content\/uploads\/2022\/08\/123123-300x169.jpg 300w, https:\/\/andreas-matuska.com\/wp-content\/uploads\/2022\/08\/123123-1024x576.jpg 1024w, https:\/\/andreas-matuska.com\/wp-content\/uploads\/2022\/08\/123123-1536x864.jpg 1536w, https:\/\/andreas-matuska.com\/wp-content\/uploads\/2022\/08\/123123-2048x1152.jpg 2048w\" sizes=\"(max-width: 768px) 100vw, 768px\" \/><\/div>\t\t\t\t<div class=\"timeline-item__card-content\">\n\t\t\t\t\t<div class=\"timeline-item__meta\"><div class=\"timeline-item__meta-content\">Juin, 2019<\/div><\/div><div class=\"timeline-item__card-desc\">Andreas organise un \u00e9v\u00e9nement dans la Veltins Arena de Gelsenkirchen avec son entreprise partenaire, dans laquelle il travaillait comme conseiller client\u00e8le ind\u00e9pendant. Pendant plus d'une heure, Andreas a enthousiasm\u00e9 pr\u00e8s de 40 000 commerciaux sur sc\u00e8ne.<\/div>\t\t\t\t<\/div>\n\t\t\t\t\t\t<\/div>\n\t\t<div class=\"timeline-item__card-arrow\"><\/div>\n\t<\/div>\n\t<div class=\"timeline-item__point\"><div class=\"timeline-item__point-content timeline-item__point-content--icon\"><span class=\"jet-elements-icon\"><i aria-hidden=\"true\" class=\"fas fa-calendar-alt\"><\/i><\/span><\/div><\/div><div class=\"timeline-item__meta\"><div class=\"timeline-item__meta-content\">Juin, 2019<\/div><\/div><\/div><div class=\"jet-timeline-item jet-timeline-item--animated elementor-repeater-item-3c48311 jet-timeline-item--image-inside\">\n\t<div class=\"timeline-item__card\">\n\t\t<div class=\"timeline-item__card-inner\">\n\t\t\t\t<div class=\"timeline-item__card-img\"><img loading=\"lazy\" width=\"336\" height=\"336\" src=\"https:\/\/andreas-matuska.com\/wp-content\/uploads\/2022\/08\/image-12.png\" class=\"attachment-medium_large size-medium_large wp-image-338\" alt=\"\" decoding=\"async\" srcset=\"https:\/\/andreas-matuska.com\/wp-content\/uploads\/2022\/08\/image-12.png 336w, https:\/\/andreas-matuska.com\/wp-content\/uploads\/2022\/08\/image-12-300x300.png 300w, https:\/\/andreas-matuska.com\/wp-content\/uploads\/2022\/08\/image-12-150x150.png 150w\" sizes=\"(max-width: 336px) 100vw, 336px\" \/><\/div>\t\t\t\t<div class=\"timeline-item__card-content\">\n\t\t\t\t\t<div class=\"timeline-item__meta\"><div class=\"timeline-item__meta-content\">D\u00e9cembre, 2019<\/div><\/div><div class=\"timeline-item__card-desc\">Le succ\u00e8s d\u2019Andreas ne cesse de cro\u00eetre et il est invit\u00e9, aux c\u00f4t\u00e9s d'autres grands noms de la sc\u00e8ne, \u00e0 prendre la parole lors de la plus grande conf\u00e9rence am\u00e9ricaine sur le marketing de r\u00e9seau. Devant plus de 20 000 participants r\u00e9unis \u00e0 Las Vegas, il partage ses connaissances en mati\u00e8re de r\u00e9seaux sociaux.<\/div>\t\t\t\t<\/div>\n\t\t\t\t\t\t<\/div>\n\t\t<div class=\"timeline-item__card-arrow\"><\/div>\n\t<\/div>\n\t<div class=\"timeline-item__point\"><div class=\"timeline-item__point-content timeline-item__point-content--icon\"><span class=\"jet-elements-icon\"><i aria-hidden=\"true\" class=\"fas fa-calendar-alt\"><\/i><\/span><\/div><\/div><div class=\"timeline-item__meta\"><div class=\"timeline-item__meta-content\">D\u00e9cembre, 2019<\/div><\/div><\/div><div class=\"jet-timeline-item jet-timeline-item--animated elementor-repeater-item-5027195 jet-timeline-item--image-inside\">\n\t<div class=\"timeline-item__card\">\n\t\t<div class=\"timeline-item__card-inner\">\n\t\t\t\t<div class=\"timeline-item__card-img\"><img loading=\"lazy\" width=\"646\" height=\"430\" src=\"https:\/\/andreas-matuska.com\/wp-content\/uploads\/2022\/08\/image-13.png\" class=\"attachment-medium_large size-medium_large wp-image-342\" alt=\"\" decoding=\"async\" srcset=\"https:\/\/andreas-matuska.com\/wp-content\/uploads\/2022\/08\/image-13.png 646w, https:\/\/andreas-matuska.com\/wp-content\/uploads\/2022\/08\/image-13-300x200.png 300w\" sizes=\"(max-width: 646px) 100vw, 646px\" \/><\/div>\t\t\t\t<div class=\"timeline-item__card-content\">\n\t\t\t\t\t<div class=\"timeline-item__meta\"><div class=\"timeline-item__meta-content\">Janvier, 2020<\/div><\/div><div class=\"timeline-item__card-desc\">Au d\u00e9but de l'ann\u00e9e 2020, Andreas est intronis\u00e9 au Network Marketing Hall of Fame devant des milliers de personnes et se voit remettre son prix d'excellence en marketing de r\u00e9seau.<\/div>\t\t\t\t<\/div>\n\t\t\t\t\t\t<\/div>\n\t\t<div class=\"timeline-item__card-arrow\"><\/div>\n\t<\/div>\n\t<div class=\"timeline-item__point\"><div class=\"timeline-item__point-content timeline-item__point-content--icon\"><span class=\"jet-elements-icon\"><i aria-hidden=\"true\" class=\"fas fa-calendar-alt\"><\/i><\/span><\/div><\/div><div class=\"timeline-item__meta\"><div class=\"timeline-item__meta-content\">Janvier, 2020<\/div><\/div><\/div><div class=\"jet-timeline-item jet-timeline-item--animated elementor-repeater-item-fe5e157 jet-timeline-item--image-inside\">\n\t<div class=\"timeline-item__card\">\n\t\t<div class=\"timeline-item__card-inner\">\n\t\t\t\t<div class=\"timeline-item__card-img\"><img loading=\"lazy\" width=\"571\" height=\"455\" src=\"https:\/\/andreas-matuska.com\/wp-content\/uploads\/2025\/08\/WhatsApp-Image-2025-05-01-at-16.06.30.jpeg\" class=\"attachment-medium_large size-medium_large wp-image-1776\" alt=\"\" decoding=\"async\" srcset=\"https:\/\/andreas-matuska.com\/wp-content\/uploads\/2025\/08\/WhatsApp-Image-2025-05-01-at-16.06.30.jpeg 571w, https:\/\/andreas-matuska.com\/wp-content\/uploads\/2025\/08\/WhatsApp-Image-2025-05-01-at-16.06.30-300x239.jpeg 300w, https:\/\/andreas-matuska.com\/wp-content\/uploads\/2025\/08\/WhatsApp-Image-2025-05-01-at-16.06.30-15x12.jpeg 15w\" sizes=\"(max-width: 571px) 100vw, 571px\" \/><\/div>\t\t\t\t<div class=\"timeline-item__card-content\">\n\t\t\t\t\t<div class=\"timeline-item__meta\"><div class=\"timeline-item__meta-content\">Juillet, 2020<\/div><\/div><div class=\"timeline-item__card-desc\">Andreas belegt Rang 15 in der internationalen Wertung aller Network Marketer weltweit auf Business for Home.<\/div>\t\t\t\t<\/div>\n\t\t\t\t\t\t<\/div>\n\t\t<div class=\"timeline-item__card-arrow\"><\/div>\n\t<\/div>\n\t<div class=\"timeline-item__point\"><div class=\"timeline-item__point-content timeline-item__point-content--icon\"><span class=\"jet-elements-icon\"><i aria-hidden=\"true\" class=\"fas fa-calendar-alt\"><\/i><\/span><\/div><\/div><div class=\"timeline-item__meta\"><div class=\"timeline-item__meta-content\">Juillet, 2020<\/div><\/div><\/div><div class=\"jet-timeline-item jet-timeline-item--animated elementor-repeater-item-9a92c9a jet-timeline-item--image-inside\">\n\t<div class=\"timeline-item__card\">\n\t\t<div class=\"timeline-item__card-inner\">\n\t\t\t\t<div class=\"timeline-item__card-img\"><img loading=\"lazy\" width=\"768\" height=\"515\" src=\"https:\/\/andreas-matuska.com\/wp-content\/uploads\/2022\/08\/August-2021-768x515.png\" class=\"attachment-medium_large size-medium_large wp-image-1220\" alt=\"\" decoding=\"async\" srcset=\"https:\/\/andreas-matuska.com\/wp-content\/uploads\/2022\/08\/August-2021-768x515.png 768w, https:\/\/andreas-matuska.com\/wp-content\/uploads\/2022\/08\/August-2021-300x201.png 300w, https:\/\/andreas-matuska.com\/wp-content\/uploads\/2022\/08\/August-2021-1024x687.png 1024w, https:\/\/andreas-matuska.com\/wp-content\/uploads\/2022\/08\/August-2021-1536x1030.png 1536w, https:\/\/andreas-matuska.com\/wp-content\/uploads\/2022\/08\/August-2021-2048x1373.png 2048w\" sizes=\"(max-width: 768px) 100vw, 768px\" \/><\/div>\t\t\t\t<div class=\"timeline-item__card-content\">\n\t\t\t\t\t<div class=\"timeline-item__meta\"><div class=\"timeline-item__meta-content\">Ao\u00fbt, 2020<\/div><\/div><div class=\"timeline-item__card-desc\">\u00c0 la moiti\u00e9 de l'ann\u00e9e 2020, Andreas fonde l'agence de marketing en ligne \"Amatuska LLC\"  et aide depuis lors, avec ses employ\u00e9s, environ 1.000 agences \u00e0 g\u00e9n\u00e9rer plus de chiffre d'affaires avec ses strat\u00e9gies de r\u00e9seaux sociaux.<\/div>\t\t\t\t<\/div>\n\t\t\t\t\t\t<\/div>\n\t\t<div class=\"timeline-item__card-arrow\"><\/div>\n\t<\/div>\n\t<div class=\"timeline-item__point\"><div class=\"timeline-item__point-content timeline-item__point-content--icon\"><span class=\"jet-elements-icon\"><i aria-hidden=\"true\" class=\"fas fa-calendar-alt\"><\/i><\/span><\/div><\/div><div class=\"timeline-item__meta\"><div class=\"timeline-item__meta-content\">Ao\u00fbt, 2020<\/div><\/div><\/div><\/div><\/div><\/div>\t\t<\/div>\n\t\t\t\t<\/div>\n\t\t\t\t\t<\/div>\n\t\t\t\t<\/div>\n\t\t\t\t<\/div>","protected":false},"excerpt":{"rendered":"<p>Wer ist Andreas Matuska? Andreas Matuska ist einer der besten Online-Marketer auf der ganzen Welt. Er hat \u00fcber 11 Jahre Erfahrung in den Bereichen Social-Media, Network-Marketing und Online-Marketing. Hier erf\u00e4hrst du mehr \u00fcber seinen Werdegang: Oktober, 1995Geboren in Nieder\u00f6sterreich, in einem kleinen Dorf mit ca. 500 Einwohnern. Oktober, 1995 September, 2011Ausbildung zum Industriekaufmann September, 2011 [&hellip;]<\/p>","protected":false},"author":2,"featured_media":354,"parent":0,"menu_order":0,"comment_status":"closed","ping_status":"closed","template":"","meta":[],"acf":[],"_links":{"self":[{"href":"https:\/\/andreas-matuska.com\/fr\/wp-json\/wp\/v2\/pages\/333"}],"collection":[{"href":"https:\/\/andreas-matuska.com\/fr\/wp-json\/wp\/v2\/pages"}],"about":[{"href":"https:\/\/andreas-matuska.com\/fr\/wp-json\/wp\/v2\/types\/page"}],"author":[{"embeddable":true,"href":"https:\/\/andreas-matuska.com\/fr\/wp-json\/wp\/v2\/users\/2"}],"replies":[{"embeddable":true,"href":"https:\/\/andreas-matuska.com\/fr\/wp-json\/wp\/v2\/comments?post=333"}],"version-history":[{"count":10,"href":"https:\/\/andreas-matuska.com\/fr\/wp-json\/wp\/v2\/pages\/333\/revisions"}],"predecessor-version":[{"id":1779,"href":"https:\/\/andreas-matuska.com\/fr\/wp-json\/wp\/v2\/pages\/333\/revisions\/1779"}],"wp:featuredmedia":[{"embeddable":true,"href":"https:\/\/andreas-matuska.com\/fr\/wp-json\/wp\/v2\/media\/354"}],"wp:attachment":[{"href":"https:\/\/andreas-matuska.com\/fr\/wp-json\/wp\/v2\/media?parent=333"}],"curies":[{"name":"wp","href":"https:\/\/api.w.org\/{rel}","templated":true}]}}