{"id":1526,"date":"2023-01-24T09:29:27","date_gmt":"2023-01-24T08:29:27","guid":{"rendered":"https:\/\/andreas-matuska.com\/?page_id=1526"},"modified":"2023-01-24T09:41:19","modified_gmt":"2023-01-24T08:41:19","slug":"mexiko-gemeinsam-mit-andreas-matuska-fuer-bildungsfoerderung-und-naturschutz","status":"publish","type":"page","link":"https:\/\/andreas-matuska.com\/fr\/charity\/mexiko-gemeinsam-mit-andreas-matuska-fuer-bildungsfoerderung-und-naturschutz\/","title":{"rendered":"Mexique : ensemble avec Andreas Matuska pour la promotion de l'\u00e9ducation et la protection de la nature"},"content":{"rendered":"<div data-elementor-type=\"wp-page\" data-elementor-id=\"1526\" class=\"elementor elementor-1526\">\n\t\t\t\t<div class=\"elementor-element elementor-element-5f8f256f e-flex e-con-boxed e-con e-parent\" data-id=\"5f8f256f\" data-element_type=\"container\" data-settings=\"{&quot;jet_parallax_layout_list&quot;:[]}\">\n\t\t\t\t\t<div class=\"e-con-inner\">\n\t\t<div class=\"elementor-element elementor-element-466353d e-con-full e-flex e-con e-parent\" data-id=\"466353d\" data-element_type=\"container\" data-settings=\"{&quot;jet_parallax_layout_list&quot;:[]}\">\n\t\t\t\t<div class=\"elementor-element elementor-element-7e9dfdd2 elementor-widget elementor-widget-image\" data-id=\"7e9dfdd2\" data-element_type=\"widget\" data-widget_type=\"image.default\">\n\t\t\t\t<div class=\"elementor-widget-container\">\n\t\t\t<style>\/*! elementor - v3.23.0 - 05-08-2024 *\/\n.elementor-widget-image{text-align:center}.elementor-widget-image a{display:inline-block}.elementor-widget-image a img[src$=\".svg\"]{width:48px}.elementor-widget-image img{vertical-align:middle;display:inline-block}<\/style>\t\t\t\t\t\t\t\t\t\t<img decoding=\"async\" width=\"390\" height=\"78\" src=\"https:\/\/andreas-matuska.com\/wp-content\/uploads\/2022\/08\/cff-logo-grey.svg\" class=\"attachment-large size-large wp-image-780\" alt=\"\" \/>\t\t\t\t\t\t\t\t\t\t\t\t\t<\/div>\n\t\t\t\t<\/div>\n\t\t\t\t<div class=\"elementor-element elementor-element-32913aad elementor-widget elementor-widget-text-editor\" data-id=\"32913aad\" data-element_type=\"widget\" data-widget_type=\"text-editor.default\">\n\t\t\t\t<div class=\"elementor-widget-container\">\n\t\t\t<style>\/*! elementor - v3.23.0 - 05-08-2024 *\/\n.elementor-widget-text-editor.elementor-drop-cap-view-stacked .elementor-drop-cap{background-color:#69727d;color:#fff}.elementor-widget-text-editor.elementor-drop-cap-view-framed .elementor-drop-cap{color:#69727d;border:3px solid;background-color:transparent}.elementor-widget-text-editor:not(.elementor-drop-cap-view-default) .elementor-drop-cap{margin-top:8px}.elementor-widget-text-editor:not(.elementor-drop-cap-view-default) .elementor-drop-cap-letter{width:1em;height:1em}.elementor-widget-text-editor .elementor-drop-cap{float:left;text-align:center;line-height:1;font-size:50px}.elementor-widget-text-editor .elementor-drop-cap-letter{display:inline-block}<\/style>\t\t\t\t<p>Un autre projet cofinanc\u00e9 par Andreas Matuska est l'\u00e9ducation des jeunes enfants dans la jungle.<\/p><p><b>L'\u00e9ducation au milieu de la nature - un projet entre richesse et pauvret\u00e9.<\/b><\/p><p>Playa del Carmen se trouve \u00e0 proximit\u00e9 de Cancun, au Mexique, une r\u00e9gion qui regorge de plages cristallines et d'h\u00f4tels luxueux, mais qui pr\u00e9sente malheureusement aussi l'un des pourcentages de pauvret\u00e9 les plus \u00e9lev\u00e9s du Mexique. 35 % des habitants du Quintana Roo (1,5 million en 2015) sont pauvres et 7 % sont extr\u00eamement pauvres.<\/p><p>L'\u00e9ducation est l'un des moyens les plus efficaces pour lutter contre la pauvret\u00e9. C'est pourquoi le projet d'\u00e9ducation d'Andreas Matuska s'appuie sur trois piliers principaux : L'\u00e9ducation, l'assistance sociale et la protection de l'environnement. Outre les programmes \u00e9ducatifs habituels, nous proposons une aide aux enfants les plus pauvres de la r\u00e9gion (Playa del Carmen) ainsi que de nombreuses initiatives et projets de protection de la nature et de l'environnement.<\/p><p>Il s'agit de la construction et du soutien d'un pr\u00e9scolaire et d'une \u00e9cole primaire dans laquelle 30 \u00e9l\u00e8ves \u00e2g\u00e9s de 3 \u00e0 12 ans sont scolaris\u00e9s.<\/p><p>Si tu veux faire partie de cette communaut\u00e9, fais un don et aide \u00e0 lutter contre la pauvret\u00e9 par l'\u00e9ducation et \u00e0 prot\u00e9ger l'environnement dans l'une des r\u00e9gions les plus belles et les plus expos\u00e9es\u00a0du\u00a0monde.<\/p>\t\t\t\t\t\t<\/div>\n\t\t\t\t<\/div>\n\t\t\t\t<\/div>\n\t\t\t\t\t<\/div>\n\t\t\t\t<\/div>\n\t\t<div class=\"elementor-element elementor-element-6a21f413 e-flex e-con-boxed e-con e-parent\" data-id=\"6a21f413\" data-element_type=\"container\" data-settings=\"{&quot;jet_parallax_layout_list&quot;:[]}\">\n\t\t\t\t\t<div class=\"e-con-inner\">\n\t\t<div class=\"elementor-element elementor-element-314aae0 e-con-full e-flex e-con e-parent\" data-id=\"314aae0\" data-element_type=\"container\" data-settings=\"{&quot;background_background&quot;:&quot;classic&quot;,&quot;shape_divider_bottom&quot;:&quot;waves&quot;,&quot;jet_parallax_layout_list&quot;:[]}\">\n\t\t\t\t<div class=\"elementor-shape elementor-shape-bottom\" data-negative=\"false\">\n\t\t\t<svg xmlns=\"http:\/\/www.w3.org\/2000\/svg\" viewbox=\"0 0 1000 100\" preserveaspectratio=\"none\">\n\t<path class=\"elementor-shape-fill\" d=\"M421.9,6.5c22.6-2.5,51.5,0.4,75.5,5.3c23.6,4.9,70.9,23.5,100.5,35.7c75.8,32.2,133.7,44.5,192.6,49.7\tc23.6,2.1,48.7,3.5,103.4-2.5c54.7-6,106.2-25.6,106.2-25.6V0H0v30.3c0,0,72,32.6,158.4,30.5c39.2-0.7,92.8-6.7,134-22.4\tc21.2-8.1,52.2-18.2,79.7-24.2C399.3,7.9,411.6,7.5,421.9,6.5z\"\/>\n<\/svg>\t\t<\/div>\n\t\t\t\t<div class=\"elementor-element elementor-element-20cdd9ae elementor-widget-mobile__width-inherit elementor-widget elementor-widget-jet-video\" data-id=\"20cdd9ae\" data-element_type=\"widget\" data-widget_type=\"jet-video.default\">\n\t\t\t\t<div class=\"elementor-widget-container\">\n\t\t\t<div class=\"elementor-jet-video jet-elements\">\n<div class=\"jet-video jet-video--fa5-compat jet-video-aspect-ratio jet-video-aspect-ratio--16-9\" data-settings=\"{&quot;lightbox&quot;:false,&quot;autoplay&quot;:false}\"><iframe class=\"jet-video-iframe\" allowfullscreen allow=\"autoplay;encrypted-media\" title=\"Lecteur vid\u00e9o vimeo\" data-lazy-load=\"https:\/\/player.vimeo.com\/video\/738902065?autopause=0&amp;autoplay=0&amp;loop=0&amp;muted=0&amp;h=92eb76d780#t=\"><\/iframe>\n<div class=\"jet-video__overlay jet-video__overlay--custom-bg\" style=\"background-image: url(https:\/\/andreas-matuska.com\/wp-content\/uploads\/2022\/08\/No-Moscow-School-4972.jpg);\">\n<div class=\"jet-video__play-button\" role=\"button\" tabindex=\"0\" aria-label=\"Video play button\"><span class=\"jet-elements-icon jet-video__play-button-icon\"><i aria-hidden=\"true\" class=\"fas fa-play\"><\/i><\/span>\t<span class=\"elementor-screen-only\">Play Video<\/span>\n<\/div>\n<\/div>\n<\/div>\n<\/div>\t\t<\/div>\n\t\t\t\t<\/div>\n\t\t\t\t<div class=\"elementor-element elementor-element-239153fc elementor-widget elementor-widget-heading\" data-id=\"239153fc\" data-element_type=\"widget\" data-widget_type=\"heading.default\">\n\t\t\t\t<div class=\"elementor-widget-container\">\n\t\t\t<style>\/*! elementor - v3.23.0 - 05-08-2024 *\/\n.elementor-heading-title{padding:0;margin:0;line-height:1}.elementor-widget-heading .elementor-heading-title[class*=elementor-size-]>a{color:inherit;font-size:inherit;line-height:inherit}.elementor-widget-heading .elementor-heading-title.elementor-size-small{font-size:15px}.elementor-widget-heading .elementor-heading-title.elementor-size-medium{font-size:19px}.elementor-widget-heading .elementor-heading-title.elementor-size-large{font-size:29px}.elementor-widget-heading .elementor-heading-title.elementor-size-xl{font-size:39px}.elementor-widget-heading .elementor-heading-title.elementor-size-xxl{font-size:59px}<\/style><h2 class=\"elementor-heading-title elementor-size-default\">Faits sur le projet:<\/h2>\t\t<\/div>\n\t\t\t\t<\/div>\n\t\t\t\t<div class=\"elementor-element elementor-element-20dd490 elementor-widget elementor-widget-text-editor\" data-id=\"20dd490\" data-element_type=\"widget\" data-widget_type=\"text-editor.default\">\n\t\t\t\t<div class=\"elementor-widget-container\">\n\t\t\t\t\t\t\t<p><strong>Emplacement du projet<\/strong><br \/>Playa del Carmen, Mexiko<\/p><p>Jardin d'enfants et \u00e9cole primaire<\/p><p><strong>Groupe de contributeurs<\/strong><br \/>\u00a030 \u00e9l\u00e8ves \u00e2g\u00e9s de 3 \u00e0 12 ans<\/p><p><strong>Partenaires du projet<\/strong><br \/>Kookay, l'\u00e9ducation des tout-petits dans la jungle<br \/>Mexique : Travailler ensemble pour promouvoir l'\u00e9ducation et prot\u00e9ger la nature<\/p>\t\t\t\t\t\t<\/div>\n\t\t\t\t<\/div>\n\t\t\t\t<\/div>\n\t\t<div class=\"elementor-element elementor-element-1a5ff146 e-con-full e-flex e-con e-parent\" data-id=\"1a5ff146\" data-element_type=\"container\" data-settings=\"{&quot;jet_parallax_layout_list&quot;:[]}\">\n\t\t\t\t<div class=\"elementor-element elementor-element-1f67ded5 elementor-widget elementor-widget-heading\" data-id=\"1f67ded5\" data-element_type=\"widget\" data-widget_type=\"heading.default\">\n\t\t\t\t<div class=\"elementor-widget-container\">\n\t\t\t<h2 class=\"elementor-heading-title elementor-size-default\">Soutenir le projet!<\/h2>\t\t<\/div>\n\t\t\t\t<\/div>\n\t\t\t\t<div class=\"elementor-element elementor-element-3517e53d elementor-widget__width-auto elementor-widget elementor-widget-image\" data-id=\"3517e53d\" data-element_type=\"widget\" data-widget_type=\"image.default\">\n\t\t\t\t<div class=\"elementor-widget-container\">\n\t\t\t\t\t\t\t\t\t\t\t\t\t<img fetchpriority=\"high\" decoding=\"async\" width=\"600\" height=\"533\" src=\"https:\/\/andreas-matuska.com\/wp-content\/uploads\/2023\/01\/Andreas-9-mit-Logo.png\" class=\"attachment-large size-large wp-image-1528\" alt=\"\" srcset=\"https:\/\/andreas-matuska.com\/wp-content\/uploads\/2023\/01\/Andreas-9-mit-Logo.png 600w, https:\/\/andreas-matuska.com\/wp-content\/uploads\/2023\/01\/Andreas-9-mit-Logo-300x267.png 300w, https:\/\/andreas-matuska.com\/wp-content\/uploads\/2023\/01\/Andreas-9-mit-Logo-14x12.png 14w\" sizes=\"(max-width: 600px) 100vw, 600px\" \/>\t\t\t\t\t\t\t\t\t\t\t\t\t<\/div>\n\t\t\t\t<\/div>\n\t\t\t\t<div class=\"elementor-element elementor-element-62a457f elementor-align-justify elementor-widget elementor-widget-button\" data-id=\"62a457f\" data-element_type=\"widget\" data-widget_type=\"button.default\">\n\t\t\t\t<div class=\"elementor-widget-container\">\n\t\t\t\t\t<div class=\"elementor-button-wrapper\">\n\t\t\t<a class=\"elementor-button elementor-button-link elementor-size-md\" href=\"https:\/\/www.childandfamily.foundation\/de\/node\/799\" target=\"_blank\">\n\t\t\t\t\t\t<span class=\"elementor-button-content-wrapper\">\n\t\t\t\t\t\t<span class=\"elementor-button-icon\">\n\t\t\t\t<i aria-hidden=\"true\" class=\"fas fa-donate\"><\/i>\t\t\t<\/span>\n\t\t\t\t\t\t\t\t\t<span class=\"elementor-button-text\">Soutenir le projet<\/span>\n\t\t\t\t\t<\/span>\n\t\t\t\t\t<\/a>\n\t\t<\/div>\n\t\t\t\t<\/div>\n\t\t\t\t<\/div>\n\t\t\t\t<\/div>\n\t\t\t\t\t<\/div>\n\t\t\t\t<\/div>\n\t\t\t\t<\/div>","protected":false},"excerpt":{"rendered":"<p>Ein weiteres von Andreas Matuska mitfinanzierten Projekte ist die Kleinkindererziehung im Dschungel. Bildung inmitten der Natur &#8211; ein Projekt zwischen Reichtum und Armut. Playa del Carmen liegt in der N\u00e4he von Cancun, Mexiko, einer Region, in welcher es von kristallklare Str\u00e4nde und luxuri\u00f6sen Hotels nur so wimmelt, aber leider auch einen der h\u00f6chsten Prozents\u00e4tze an [&hellip;]<\/p>","protected":false},"author":2,"featured_media":513,"parent":1536,"menu_order":0,"comment_status":"closed","ping_status":"closed","template":"","meta":[],"acf":[],"_links":{"self":[{"href":"https:\/\/andreas-matuska.com\/fr\/wp-json\/wp\/v2\/pages\/1526"}],"collection":[{"href":"https:\/\/andreas-matuska.com\/fr\/wp-json\/wp\/v2\/pages"}],"about":[{"href":"https:\/\/andreas-matuska.com\/fr\/wp-json\/wp\/v2\/types\/page"}],"author":[{"embeddable":true,"href":"https:\/\/andreas-matuska.com\/fr\/wp-json\/wp\/v2\/users\/2"}],"replies":[{"embeddable":true,"href":"https:\/\/andreas-matuska.com\/fr\/wp-json\/wp\/v2\/comments?post=1526"}],"version-history":[{"count":7,"href":"https:\/\/andreas-matuska.com\/fr\/wp-json\/wp\/v2\/pages\/1526\/revisions"}],"predecessor-version":[{"id":1534,"href":"https:\/\/andreas-matuska.com\/fr\/wp-json\/wp\/v2\/pages\/1526\/revisions\/1534"}],"up":[{"embeddable":true,"href":"https:\/\/andreas-matuska.com\/fr\/wp-json\/wp\/v2\/pages\/1536"}],"wp:featuredmedia":[{"embeddable":true,"href":"https:\/\/andreas-matuska.com\/fr\/wp-json\/wp\/v2\/media\/513"}],"wp:attachment":[{"href":"https:\/\/andreas-matuska.com\/fr\/wp-json\/wp\/v2\/media?parent=1526"}],"curies":[{"name":"wp","href":"https:\/\/api.w.org\/{rel}","templated":true}]}}