{"id":739,"date":"2022-08-12T20:35:11","date_gmt":"2022-08-12T18:35:11","guid":{"rendered":"https:\/\/andreas-matuska.com\/?page_id=739"},"modified":"2025-12-08T14:39:05","modified_gmt":"2025-12-08T13:39:05","slug":"presse","status":"publish","type":"page","link":"https:\/\/andreas-matuska.com\/en\/press\/","title":{"rendered":"Press"},"content":{"rendered":"<div data-elementor-type=\"wp-page\" data-elementor-id=\"739\" class=\"elementor elementor-739\">\n\t\t\t\t<div class=\"elementor-element elementor-element-b823dcf e-flex e-con-boxed e-con e-parent\" data-id=\"b823dcf\" data-element_type=\"container\" data-settings=\"{&quot;jet_parallax_layout_list&quot;:[]}\">\n\t\t\t\t\t<div class=\"e-con-inner\">\n\t\t\t\t<div class=\"elementor-element elementor-element-d3c9f50 elementor-widget elementor-widget-heading\" data-id=\"d3c9f50\" data-element_type=\"widget\" data-widget_type=\"heading.default\">\n\t\t\t\t<div class=\"elementor-widget-container\">\n\t\t\t<style>\/*! elementor - v3.23.0 - 05-08-2024 *\/\n.elementor-heading-title{padding:0;margin:0;line-height:1}.elementor-widget-heading .elementor-heading-title[class*=elementor-size-]>a{color:inherit;font-size:inherit;line-height:inherit}.elementor-widget-heading .elementor-heading-title.elementor-size-small{font-size:15px}.elementor-widget-heading .elementor-heading-title.elementor-size-medium{font-size:19px}.elementor-widget-heading .elementor-heading-title.elementor-size-large{font-size:29px}.elementor-widget-heading .elementor-heading-title.elementor-size-xl{font-size:39px}.elementor-widget-heading .elementor-heading-title.elementor-size-xxl{font-size:59px}<\/style><h2 class=\"elementor-heading-title elementor-size-default translation-block\">Get all the basic information about\n<br><span class=\"heading-underline\">Andreas Matuska at a glance<\/span><\/h2>\t\t<\/div>\n\t\t\t\t<\/div>\n\t\t\t\t\t<\/div>\n\t\t\t\t<\/div>\n\t\t<div class=\"elementor-element elementor-element-5b180fd e-flex e-con-boxed e-con e-parent\" data-id=\"5b180fd\" data-element_type=\"container\" data-settings=\"{&quot;background_background&quot;:&quot;classic&quot;,&quot;jet_parallax_layout_list&quot;:[]}\">\n\t\t\t\t\t<div class=\"e-con-inner\">\n\t\t<div class=\"elementor-element elementor-element-f90e9e2 e-flex e-con-boxed e-con e-child\" data-id=\"f90e9e2\" data-element_type=\"container\" data-settings=\"{&quot;jet_parallax_layout_list&quot;:[]}\">\n\t\t\t\t\t<div class=\"e-con-inner\">\n\t\t\t\t<div class=\"elementor-element elementor-element-bb7f91b elementor-widget elementor-widget-image\" data-id=\"bb7f91b\" data-element_type=\"widget\" data-widget_type=\"image.default\">\n\t\t\t\t<div class=\"elementor-widget-container\">\n\t\t\t<style>\/*! elementor - v3.23.0 - 05-08-2024 *\/\n.elementor-widget-image{text-align:center}.elementor-widget-image a{display:inline-block}.elementor-widget-image a img[src$=\".svg\"]{width:48px}.elementor-widget-image img{vertical-align:middle;display:inline-block}<\/style>\t\t\t\t\t\t\t\t\t\t<img fetchpriority=\"high\" decoding=\"async\" width=\"724\" height=\"1024\" src=\"https:\/\/andreas-matuska.com\/wp-content\/uploads\/2022\/08\/Andreas-Matuska-Media-Kit-pdf-1-724x1024.jpg\" class=\"attachment-large size-large wp-image-868\" alt=\"\" srcset=\"https:\/\/andreas-matuska.com\/wp-content\/uploads\/2022\/08\/Andreas-Matuska-Media-Kit-pdf-1-724x1024.jpg 724w, https:\/\/andreas-matuska.com\/wp-content\/uploads\/2022\/08\/Andreas-Matuska-Media-Kit-pdf-1-212x300.jpg 212w, https:\/\/andreas-matuska.com\/wp-content\/uploads\/2022\/08\/Andreas-Matuska-Media-Kit-pdf-1-768x1087.jpg 768w, https:\/\/andreas-matuska.com\/wp-content\/uploads\/2022\/08\/Andreas-Matuska-Media-Kit-pdf-1.jpg 1058w\" sizes=\"(max-width: 724px) 100vw, 724px\" \/>\t\t\t\t\t\t\t\t\t\t\t\t\t<\/div>\n\t\t\t\t<\/div>\n\t\t\t\t\t<\/div>\n\t\t\t\t<\/div>\n\t\t<div class=\"elementor-element elementor-element-2d71dc9 e-flex e-con-boxed e-con e-child\" data-id=\"2d71dc9\" data-element_type=\"container\" data-settings=\"{&quot;jet_parallax_layout_list&quot;:[]}\">\n\t\t\t\t\t<div class=\"e-con-inner\">\n\t\t\t\t<div class=\"elementor-element elementor-element-87bac3b elementor-align-center e-transform elementor-widget elementor-widget-jet-download-button\" data-id=\"87bac3b\" data-element_type=\"widget\" data-settings=\"{&quot;_transform_scale_effect_hover&quot;:{&quot;unit&quot;:&quot;px&quot;,&quot;size&quot;:1.100000000000000088817841970012523233890533447265625,&quot;sizes&quot;:[]},&quot;_transform_scale_effect_hover_tablet&quot;:{&quot;unit&quot;:&quot;px&quot;,&quot;size&quot;:&quot;&quot;,&quot;sizes&quot;:[]},&quot;_transform_scale_effect_hover_mobile&quot;:{&quot;unit&quot;:&quot;px&quot;,&quot;size&quot;:&quot;&quot;,&quot;sizes&quot;:[]}}\" data-widget_type=\"jet-download-button.default\">\n\t\t\t\t<div class=\"elementor-widget-container\">\n\t\t\t<div class=\"elementor-jet-download-button jet-elements\"><a class=\"elementor-button elementor-size-md jet-download jet-download-icon-position-right\" data-e-disable-page-transition=\"true\" href=\"https:\/\/andreas-matuska.com\/en\/?jet_download=4b9c0bd790c118c4ad21c6d513ef9a58f56f22e0\" ><span class=\"jet-download__text\"><span class=\"jet-download__label\"><span>Download Media Kit<\/span><\/span><span class=\"jet-download__file-name\"><\/span><small class=\"jet-download__sub-label\">108 MB<\/small><\/span><\/a>\n<\/div>\t\t<\/div>\n\t\t\t\t<\/div>\n\t\t\t\t\t<\/div>\n\t\t\t\t<\/div>\n\t\t\t\t\t<\/div>\n\t\t\t\t<\/div>\n\t\t<div class=\"elementor-element elementor-element-99eb3f4 elementor-hidden-desktop elementor-hidden-tablet elementor-hidden-mobile e-flex e-con-boxed e-con e-parent\" data-id=\"99eb3f4\" data-element_type=\"container\" data-settings=\"{&quot;jet_parallax_layout_list&quot;:[]}\">\n\t\t\t\t\t<div class=\"e-con-inner\">\n\t\t<div class=\"elementor-element elementor-element-b0adc3f e-con-full e-flex e-con e-child\" data-id=\"b0adc3f\" data-element_type=\"container\" data-settings=\"{&quot;jet_parallax_layout_list&quot;:[]}\">\n\t\t\t\t<div class=\"elementor-element elementor-element-eeff7cb elementor-widget elementor-widget-heading\" data-id=\"eeff7cb\" data-element_type=\"widget\" data-widget_type=\"heading.default\">\n\t\t\t\t<div class=\"elementor-widget-container\">\n\t\t\t<h2 class=\"elementor-heading-title elementor-size-default\">Contact person for public relations<\/h2>\t\t<\/div>\n\t\t\t\t<\/div>\n\t\t\t\t<div class=\"elementor-element elementor-element-8ec69db elementor-view-default elementor-widget elementor-widget-icon\" data-id=\"8ec69db\" data-element_type=\"widget\" data-widget_type=\"icon.default\">\n\t\t\t\t<div class=\"elementor-widget-container\">\n\t\t\t\t\t<div class=\"elementor-icon-wrapper\">\n\t\t\t<div class=\"elementor-icon\">\n\t\t\t<i aria-hidden=\"true\" class=\"far fa-window-minimize\"><\/i>\t\t\t<\/div>\n\t\t<\/div>\n\t\t\t\t<\/div>\n\t\t\t\t<\/div>\n\t\t\t\t<div class=\"elementor-element elementor-element-85e7edc elementor-widget elementor-widget-text-editor\" data-id=\"85e7edc\" data-element_type=\"widget\" data-widget_type=\"text-editor.default\">\n\t\t\t\t<div class=\"elementor-widget-container\">\n\t\t\t<style>\/*! elementor - v3.23.0 - 05-08-2024 *\/\n.elementor-widget-text-editor.elementor-drop-cap-view-stacked .elementor-drop-cap{background-color:#69727d;color:#fff}.elementor-widget-text-editor.elementor-drop-cap-view-framed .elementor-drop-cap{color:#69727d;border:3px solid;background-color:transparent}.elementor-widget-text-editor:not(.elementor-drop-cap-view-default) .elementor-drop-cap{margin-top:8px}.elementor-widget-text-editor:not(.elementor-drop-cap-view-default) .elementor-drop-cap-letter{width:1em;height:1em}.elementor-widget-text-editor .elementor-drop-cap{float:left;text-align:center;line-height:1;font-size:50px}.elementor-widget-text-editor .elementor-drop-cap-letter{display:inline-block}<\/style>\t\t\t\t<p>We would be happy if you contacted us directly for your research or for interview requests as well as for inclusion in our press distribution list. Our contact person for questions concerning our press and media work is:<\/p>\n<p><strong>Aleksandra Zwolen<\/strong><br>support@andreas-matuska.com<\/p>\t\t\t\t\t\t<\/div>\n\t\t\t\t<\/div>\n\t\t\t\t<\/div>\n\t\t<div class=\"elementor-element elementor-element-360d483 e-con-full e-flex e-con e-child\" data-id=\"360d483\" data-element_type=\"container\" data-settings=\"{&quot;jet_parallax_layout_list&quot;:[]}\">\n\t\t\t\t<div class=\"elementor-element elementor-element-f3f47e1 elementor-widget elementor-widget-jet-team-member\" data-id=\"f3f47e1\" data-element_type=\"widget\" data-widget_type=\"jet-team-member.default\">\n\t\t\t\t<div class=\"elementor-widget-container\">\n\t\t\t<div class=\"elementor-jet-team-member jet-elements\"><div class=\"jet-team-member\">\n\t<div class=\"jet-team-member__inner\">\n\t\t<div class=\"jet-team-member__image\">\n\t\t\t<div class=\"jet-team-member__cover\"><\/div>\n\t\t\t<figure class=\"jet-team-member__figure\"><img width=\"819\" height=\"1024\" src=\"https:\/\/andreas-matuska.com\/wp-content\/uploads\/2022\/08\/WhatsApp-Image-2022-08-13-at-2.44.42-PM.jpeg\" class=\"jet-team-member__img-tag\" alt=\"WhatsApp Image 2022-08-13 at 2.44.42 PM\" decoding=\"async\" srcset=\"https:\/\/andreas-matuska.com\/wp-content\/uploads\/2022\/08\/WhatsApp-Image-2022-08-13-at-2.44.42-PM.jpeg 819w, https:\/\/andreas-matuska.com\/wp-content\/uploads\/2022\/08\/WhatsApp-Image-2022-08-13-at-2.44.42-PM-240x300.jpeg 240w, https:\/\/andreas-matuska.com\/wp-content\/uploads\/2022\/08\/WhatsApp-Image-2022-08-13-at-2.44.42-PM-768x960.jpeg 768w\" sizes=\"(max-width: 819px) 100vw, 819px\" \/><\/figure>\t\t<\/div>\n\t\t<div class=\"jet-team-member__content\"><h3 class=\"jet-team-member__name\"><span class=\"jet-team-member__name-first\">Aleksandra <\/span><span class=\"jet-team-member__name-last\"> Zwolen<\/span><\/h3><div class=\"jet-team-member__position\"><span>Public Relations<\/span><\/div><p class=\"jet-team-member__desc\">Your contact for press inquiries<\/p><div class=\"jet-team-member__socials\"><div class=\"jet-team-member__socials-item\"><a href=\"#\" aria-label=\"Twitter\"><\/a><\/div><\/div><\/div>\n\t<\/div>\n<\/div>\n<\/div>\t\t<\/div>\n\t\t\t\t<\/div>\n\t\t\t\t<\/div>\n\t\t\t\t\t<\/div>\n\t\t\t\t<\/div>\n\t\t<div class=\"elementor-element elementor-element-7abf844 e-flex e-con-boxed e-con e-parent\" data-id=\"7abf844\" data-element_type=\"container\" data-settings=\"{&quot;jet_parallax_layout_list&quot;:[]}\">\n\t\t\t\t\t<div class=\"e-con-inner\">\n\t\t<div class=\"elementor-element elementor-element-ab03b75 e-con-full e-flex e-con e-child\" data-id=\"ab03b75\" data-element_type=\"container\" data-settings=\"{&quot;jet_parallax_layout_list&quot;:[]}\">\n\t\t\t\t<div class=\"elementor-element elementor-element-d42c874 elementor-widget elementor-widget-heading\" data-id=\"d42c874\" data-element_type=\"widget\" data-widget_type=\"heading.default\">\n\t\t\t\t<div class=\"elementor-widget-container\">\n\t\t\t<h2 class=\"elementor-heading-title elementor-size-default\">Media reports\n<\/h2>\t\t<\/div>\n\t\t\t\t<\/div>\n\t\t\t\t<\/div>\n\t\t<div class=\"elementor-element elementor-element-bcd04ba e-con-full e-flex e-con e-child\" data-id=\"bcd04ba\" data-element_type=\"container\" data-settings=\"{&quot;jet_parallax_layout_list&quot;:[]}\">\n\t\t\t\t<div class=\"elementor-element elementor-element-cd34208 elementor-widget elementor-widget-text-editor\" data-id=\"cd34208\" data-element_type=\"widget\" data-widget_type=\"text-editor.default\">\n\t\t\t\t<div class=\"elementor-widget-container\">\n\t\t\t\t\t\t\t<p>Please find below a list of media reports about Amatuska LLC<\/p>\t\t\t\t\t\t<\/div>\n\t\t\t\t<\/div>\n\t\t<div class=\"elementor-element elementor-element-2a9a404 e-con-full e-flex e-con e-child\" data-id=\"2a9a404\" data-element_type=\"container\" data-settings=\"{&quot;jet_parallax_layout_list&quot;:[]}\">\n\t\t\t\t<div class=\"elementor-element elementor-element-32aadb8 elementor-widget elementor-widget-image-carousel\" data-id=\"32aadb8\" data-element_type=\"widget\" data-settings=\"{&quot;slides_to_show&quot;:&quot;4&quot;,&quot;navigation&quot;:&quot;none&quot;,&quot;autoplay&quot;:&quot;no&quot;,&quot;infinite&quot;:&quot;no&quot;,&quot;speed&quot;:500}\" data-widget_type=\"image-carousel.default\">\n\t\t\t\t<div class=\"elementor-widget-container\">\n\t\t\t<style>\/*! elementor - v3.23.0 - 05-08-2024 *\/\n.elementor-widget-image-carousel .swiper,.elementor-widget-image-carousel .swiper-container{position:static}.elementor-widget-image-carousel .swiper-container .swiper-slide figure,.elementor-widget-image-carousel .swiper .swiper-slide figure{line-height:inherit}.elementor-widget-image-carousel .swiper-slide{text-align:center}.elementor-image-carousel-wrapper:not(.swiper-container-initialized):not(.swiper-initialized) .swiper-slide{max-width:calc(100% \/ var(--e-image-carousel-slides-to-show, 3))}<\/style>\t\t<div class=\"elementor-image-carousel-wrapper swiper\" dir=\"ltr\">\n\t\t\t<div class=\"elementor-image-carousel swiper-wrapper\" aria-live=\"polite\">\n\t\t\t\t\t\t\t\t<div class=\"swiper-slide\" role=\"group\" aria-roledescription=\"slide\" aria-label=\"1 of 4\"><figure class=\"swiper-slide-inner\"><img decoding=\"async\" class=\"swiper-slide-image\" src=\"https:\/\/andreas-matuska.com\/wp-content\/uploads\/2022\/08\/forbes.png\" alt=\"forbes\" \/><\/figure><\/div><div class=\"swiper-slide\" role=\"group\" aria-roledescription=\"slide\" aria-label=\"2 of 4\"><figure class=\"swiper-slide-inner\"><img decoding=\"async\" class=\"swiper-slide-image\" src=\"https:\/\/andreas-matuska.com\/wp-content\/uploads\/2022\/08\/yahoo.png\" alt=\"yahoo\" \/><\/figure><\/div><div class=\"swiper-slide\" role=\"group\" aria-roledescription=\"slide\" aria-label=\"3 of 4\"><figure class=\"swiper-slide-inner\"><img decoding=\"async\" class=\"swiper-slide-image\" src=\"https:\/\/andreas-matuska.com\/wp-content\/uploads\/2022\/08\/entrepreneur.png\" alt=\"entrepreneur\" \/><\/figure><\/div><div class=\"swiper-slide\" role=\"group\" aria-roledescription=\"slide\" aria-label=\"4 of 4\"><figure class=\"swiper-slide-inner\"><img decoding=\"async\" class=\"swiper-slide-image\" src=\"https:\/\/andreas-matuska.com\/wp-content\/uploads\/2022\/08\/erfolg.png\" alt=\"erfolg\" \/><\/figure><\/div>\t\t\t<\/div>\n\t\t\t\t\t\t\t\n\t\t\t\t\t\t\t\t\t<\/div>\n\t\t\t\t<\/div>\n\t\t\t\t<\/div>\n\t\t\t\t<\/div>\n\t\t\t\t<\/div>\n\t\t\t\t\t<\/div>\n\t\t\t\t<\/div>\n\t\t<div class=\"elementor-element elementor-element-0eb9048 e-con-full e-flex e-con e-parent\" data-id=\"0eb9048\" data-element_type=\"container\" data-settings=\"{&quot;background_background&quot;:&quot;classic&quot;,&quot;jet_parallax_layout_list&quot;:[]}\">\n\t\t<div class=\"elementor-element elementor-element-4b3c7e9 e-flex e-con-boxed e-con e-child\" data-id=\"4b3c7e9\" data-element_type=\"container\" data-settings=\"{&quot;jet_parallax_layout_list&quot;:[]}\">\n\t\t\t\t\t<div class=\"e-con-inner\">\n\t\t\t\t<div class=\"elementor-element elementor-element-8d590e5 elementor-widget elementor-widget-text-editor\" data-id=\"8d590e5\" data-element_type=\"widget\" data-widget_type=\"text-editor.default\">\n\t\t\t\t<div class=\"elementor-widget-container\">\n\t\t\t\t\t\t\t<ul><li><strong>Leinetal24<br \/><\/strong><a href=\"https:\/\/www.leinetal24.de\/na-pressemitteilungen\/andreas-matuska-revolutionaer-der-digitalen-mitarbeitergewinnung-zr-93239530.html\">https:\/\/www.leinetal24.de\/na-pressemitteilungen\/andreas-matuska-revolutionaer-der-digitalen-mitarbeitergewinnung-zr-93239530.html<\/a><strong><br \/><\/strong><\/li><li><strong>Saarbr\u00fccker Zeitung<br \/><\/strong><a href=\"https:\/\/www.saarbruecker-zeitung.de\/pr\/presseportal\/andreas-matuska-revolutionaer-der-digitalen-mitarbeitergewinnung_aid-117738079\">https:\/\/www.saarbruecker-zeitung.de\/pr\/presseportal\/andreas-matuska-revolutionaer-der-digitalen-mitarbeitergewinnung_aid-117738079<\/a><strong><br \/><\/strong><\/li><li><b>FinanzNachrichten.de<br \/><\/b><a href=\"https:\/\/www.finanznachrichten.de\/nachrichten-2024-08\/62982244-andreas-matuska-revolutionaer-der-digitalen-mitarbeitergewinnung-007.htm\">https:\/\/www.finanznachrichten.de\/nachrichten-2024-08\/62982244-andreas-matuska-revolutionaer-der-digitalen-mitarbeitergewinnung-007.htm<\/a><\/li><li><strong>sauerlandkurier.de <\/strong><br \/><a href=\"https:\/\/www.sauerlandkurier.de\/na-pressemitteilungen\/andreas-matuska-revolutionaer-der-digitalen-mitarbeitergewinnung-zr-93239530.html\" target=\"_blank\" rel=\"noopener\">https:\/\/www.sauerlandkurier.de\/na-pressemitteilungen\/andreas-matuska-revolutionaer-der-digitalen-mitarbeitergewinnung-zr-93239530.html<\/a><\/li><li><b>Braunschweiger Zeitung<br \/><\/b><a href=\"https:\/\/www.braunschweiger-zeitung.de\/wirtschaft\/Presseportal\/article407004576\/andreas-matuska-revolutionaer-der-digitalen-mitarbeitergewinnung.html\">https:\/\/www.braunschweiger-zeitung.de\/wirtschaft\/Presseportal\/article407004576\/andreas-matuska-revolutionaer-der-digitalen-mitarbeitergewinnung.html\u00a0<\/a><\/li><li><strong>Forbes<\/strong> (Austria)<br \/><a href=\"https:\/\/www.forbes.at\/artikel\/das-steckt-hinter-der-smarten-insider-strategie-von-andreas-matuska.html\">https:\/\/www.forbes.at\/artikel\/das-steckt-hinter-der-smarten-insider-strategie-von-andreas-matuska.html<\/a><\/li><li><strong>Forbes\u00a0<\/strong>(Monaco)<br \/><a href=\"https:\/\/forbes.mc\/article\/andreas-matuska-meet-the-self-made-online-marketing-rockstar-from-monaco\">https:\/\/forbes.mc\/article\/andreas-matuska-meet-the-self-made-online-marketing-rockstar-from-monaco<\/a><\/li><li><strong>Yahoo Finance<br \/><\/strong><a href=\"https:\/\/finance.yahoo.com\/andreas-matuska-says-transition-hard-144830643.html\">https:\/\/finance.yahoo.com\/andreas-matuska-says-transition-hard-144830643.html<\/a><strong><br \/><\/strong><\/li><li><strong>Entrepreneur<\/strong><br \/><a href=\"https:\/\/www.entrepreneur.com\/article\/416682\">https:\/\/www.entrepreneur.com\/article\/416682<\/a><\/li><li><strong>Crunchbase<\/strong><br \/><a href=\"http:\/\/www.crunchbase.com\/person\/andreas-matuska\">www.crunchbase.com\/person\/andreas-matuska<\/a><\/li><li><strong>Bigtime Daily<\/strong><br \/><a href=\"http:\/\/www.bigtimedaily.com\/andreas-matuska-has-advice-for-the-teenagers-says-sacrifice-your-teenage-days-to-live-the-rest-of-your-life-as-per-your-dreams\/\">www.bigtimedaily.com\/andreas-matuska-has-advice-for-the-teenagers-says-sacrifice-your-teenage-days-to-live-the-rest-of-your-life-as-per-your-dreams\/<\/a><\/li><li><strong>Seekers Time<\/strong><br \/><a href=\"http:\/\/www.seekerstime.com\/andreas-matuska-has-advice-for-the-teenagers-says-sacrifice-your-teenage-days-to-live-the-rest-of-your-life-as-per-your-dreams\/\">www.seekerstime.com\/andreas-matuska-has-advice-for-the-teenagers-says-sacrifice-your-teenage-days-to-live-the-rest-of-your-life-as-per-your-dreams\/<\/a><\/li><li><strong>The American Reporter<\/strong><br \/><a href=\"http:\/\/www.theamericanreporter.com\/andreas-matuska-shares-how-he-made-his-name-in-the-network-marketing-industry\/\">www.theamericanreporter.com\/<wbr \/>andreas-matuska-shares-how-he-made-his-name-in-the-network-marketing-industry\/<\/a><\/li><li><strong>Thrive Global<\/strong><br \/><a href=\"http:\/\/www.thriveglobal.com\/stories\/why-we-need-motivation-in-our-life-andreas-matuska\/\">www.thriveglobal.com\/stories\/why-we-need-motivation-in-our-life-andreas-matuska\/<\/a><\/li><li><strong>America Daily Post<\/strong><br \/><a href=\"http:\/\/www.americadailypost.com\/rise-of-andreas-matuska-from-an-office-boy-to-one-of-the-top-network-marketers-of-the-world\/\">www.americadailypost.com\/rise-of-andreas-matuska-from-an-office-boy-to-one-of-the-top-network-marketers-of-the-world\/<\/a><\/li><li><strong>One World Herald<\/strong><br \/><a href=\"http:\/\/www.oneworldherald.com\/2020\/06\/26\/andreas-matuska-recalls-his-days-of-struggle-before-he-became-one-of-the-top-network-marketers\/\">www.oneworldherald.com<wbr \/>\/2020\/06\/26\/andreas-matuska-recalls-his-days-of-struggle-before-he-became-one-of-the-top-network-marketers\/<\/a><\/li><li><strong>London Daily Post<\/strong><br \/><a href=\"http:\/\/www.londondailypost.com\/read-how-andreas-matuska-chose-smart-work-over-hard-work-to-become-successful-in-life\/\">www.londondailypost.com\/read-how-andreas-matuska-chose-smart-work-over-hard-work-to-become-successful-in-life\/<\/a><\/li><li><strong>Business Deccan<\/strong><br \/><a href=\"http:\/\/www.businessdeccan.com\/read-how-andreas-matuska-chose-smart-work-over-hard-work-to-become-successful-in-life\/\">www.businessdeccan.com\/read-how-andreas-matuska-chose-smart-work-over-hard-work-to-become-successful-in-life\/<\/a><\/li><li><strong>California Herald<\/strong><br \/><a href=\"http:\/\/www.californiaherald.com\/andreas-matuska-shares-how-he-made-his-name-in-the-network-marketing-industry\/\">www.californiaherald.com\/andreas-matuska-shares-how-he-made-his-name-in-the-network-marketing-industry\/<\/a><\/li><li><strong>Photogallery Indiatimes<\/strong><br \/><a href=\"http:\/\/www.photogallery.indiatimes.com\/Meet-Andreas-Matuska-a-real-motivational-speaker-of-21st-century-with-looks-to-kill\/articleshow\/72129935.cms\">www.photogallery.indiatimes.com\/<wbr \/>Meet-Andreas-Matuska-a-real-motivational-speaker-of-21st-century-with-looks-to-kill\/articleshow\/72129935.cms<\/a><\/li><li><strong>The Cinetalk<\/strong><br \/><a href=\"http:\/\/www.thecinetalk.com\/latest-news\/meet-andreas-matuska-a-leading-international-motivational-speaker-of-our-time\/\">www.thecinetalk.com\/latest-news\/meet-andreas-matuska-a-leading-international-motivational-speaker-of-our-time\/<\/a><\/li><li><strong>Medium.com | Jigar<\/strong><br \/><a href=\"http:\/\/www.medium.com\/@jigar_77906\/andreas-matuska-is-the-right-definition-of-the-word-motivation-speaker-b2c7faa87a13\">www.medium.com\/@jigar_77906\/<wbr \/>andreas-matuska-is-the-right-definition-of-the-word-motivation-speaker-b2c7faa87a13<\/a><\/li><li><strong>News18<\/strong><br \/><a href=\"http:\/\/www.news18.com\/photogallery\/lifestyle\/meet-andreas-matuska-a-motivational-speaker-with-looks-to-kill-2394199-1.html\">www.news18.com\/photogallery<wbr \/>\/lifestyle\/meet-andreas-matuska-a-motivational-speaker-with-looks-to-kill-2394199-1.html<\/a><\/li><li><strong>Latestly<\/strong><br \/><a href=\"http:\/\/www.latestly.com\/lifestyle\/andreas-matuska-the-youngest-motivational-speaker-from-monaco-influencing-the-youth-worldwide-1350883.html\/amp\">www.latestly.com\/lifestyle\/andreas-matuska-the-youngest-motivational-speaker-from-monaco-influencing-the-youth-worldwide-1350883.html\/amp<\/a><\/li><li><strong>Mid Day<\/strong><br \/><a href=\"http:\/\/www.mid-day.com\/articles\/andreas-matuska-a-young-and-successful-motivational-speaker\/22131164\">www.mid-day.com\/articles\/andreas-matuska-a-young-and-successful-motivational-speaker\/22131164<\/a><\/li><li><strong>In Style Yahoo<\/strong><br \/><a href=\"http:\/\/www.in.style.yahoo.com\/andreas-matuska-youngest-motivational-speaker-060708678.html\">www.in.style.yahoo.com\/andreas-matuska-youngest-motivational-speaker-060708678.html<\/a><\/li><li><strong>The Statesman<\/strong><br \/><a href=\"http:\/\/www.thestatesman.com\/inspiration-hub\/leading-motivational-speaker-andreas-matuska-quotes-experiences-help-others-1502824966.html\">www.thestatesman.com\/inspiration-hub\/leading-motivational-speaker-andreas-matuska-quotes-experiences-help-others-1502824966.html<\/a><\/li><li><strong>Newsdog Today<\/strong><br \/><a href=\"http:\/\/www.api.newsdog.today\/?read_tag=5d20b7f683b48e381f46f66d\">www.api.newsdog.today\/?read_tag=<wbr \/>5d20b7f683b48e381f46f66d<\/a><\/li><li><strong>Stats Globe<\/strong><br \/><a href=\"http:\/\/www.statsglobe.com\/andreas-matuska-the-youngest-motivational-speaker-from-monaco-influencing-the-youth-worldwide\/\">www.statsglobe.com\/andreas-matuska-the-youngest-motivational-speaker-from-monaco-influencing-the-youth-worldwide\/<\/a><\/li><li><strong>Time Bulletin<\/strong><br \/><a href=\"http:\/\/www.timebulletin.com\/andreas-matuska-is-the-right-definition-of-the-word-motivation-speaker\/amp\/\">www.timebulletin.com\/andreas-matuska-is-the-right-definition-of-the-word-motivation-speaker\/amp\/<\/a><\/li><li><strong>Globe Stats<\/strong><br \/><a href=\"http:\/\/www.globestats.com\/meet-andreas-matuska-a-leading-international-motivational-speaker-of-our-time\/\">www.globestats.com\/meet-andreas-matuska-a-leading-international-motivational-speaker-of-our-time\/<\/a><\/li><li><strong>Network Marketing Pro<\/strong><br \/><a href=\"http:\/\/www.networkmarketingpro.com\/halloffame\/andreas-matuska\/\">www.networkmarketingpro.com<wbr \/>\/halloffame\/andreas-matuska\/<\/a><\/li><li><strong>Justdial<\/strong><br \/><a href=\"https:\/\/www.justdial.com\/JdSocial\/news\/Lifestyle-generic\/Andreas-Ma-tuska-The-Youngest-Motivational-Speaker-From-Monaco-Influencing-the-Youth-Worldwide\/1574319216025000?dl=1\">https:\/\/www.justdial.com\/JdSocial\/<wbr \/>news\/Lifestyle-generic\/Andreas-Ma-tuska-The-Youngest-Motivational-Speaker-From-Monaco-Influencing-the-Youth-Worldwide\/1574319216025000?dl=1\u00a0<\/a><\/li><\/ul>\t\t\t\t\t\t<\/div>\n\t\t\t\t<\/div>\n\t\t\t\t\t<\/div>\n\t\t\t\t<\/div>\n\t\t\t\t<\/div>\n\t\t\t\t<\/div>","protected":false},"excerpt":{"rendered":"<p>Erhalte alle grundlegenden Informationen \u00fcber Andreas Matuska auf einen Blick Download Media Kit108 MB Ansprechpartner f\u00fcr die \u00d6ffentlichkeitsarbeit Wir freuen uns, wenn du dich f\u00fcr deine Recherchen oder bei Interviewanfragen sowie f\u00fcr eine Aufnahme in den Presseverteiler direkt an uns wendest. Unsere Ansprechpartnerin f\u00fcr Fragen rund um unsere Presse- und Medienarbeit ist: Aleksandra Zwolensupport@andreas-matuska.com Aleksandra [&hellip;]<\/p>","protected":false},"author":2,"featured_media":295,"parent":0,"menu_order":0,"comment_status":"closed","ping_status":"closed","template":"","meta":[],"acf":[],"_links":{"self":[{"href":"https:\/\/andreas-matuska.com\/en\/wp-json\/wp\/v2\/pages\/739"}],"collection":[{"href":"https:\/\/andreas-matuska.com\/en\/wp-json\/wp\/v2\/pages"}],"about":[{"href":"https:\/\/andreas-matuska.com\/en\/wp-json\/wp\/v2\/types\/page"}],"author":[{"embeddable":true,"href":"https:\/\/andreas-matuska.com\/en\/wp-json\/wp\/v2\/users\/2"}],"replies":[{"embeddable":true,"href":"https:\/\/andreas-matuska.com\/en\/wp-json\/wp\/v2\/comments?post=739"}],"version-history":[{"count":10,"href":"https:\/\/andreas-matuska.com\/en\/wp-json\/wp\/v2\/pages\/739\/revisions"}],"predecessor-version":[{"id":1824,"href":"https:\/\/andreas-matuska.com\/en\/wp-json\/wp\/v2\/pages\/739\/revisions\/1824"}],"wp:featuredmedia":[{"embeddable":true,"href":"https:\/\/andreas-matuska.com\/en\/wp-json\/wp\/v2\/media\/295"}],"wp:attachment":[{"href":"https:\/\/andreas-matuska.com\/en\/wp-json\/wp\/v2\/media?parent=739"}],"curies":[{"name":"wp","href":"https:\/\/api.w.org\/{rel}","templated":true}]}}