{"id":333,"date":"2022-08-06T14:19:24","date_gmt":"2022-08-06T12:19:24","guid":{"rendered":"https:\/\/andreas-matuska.com\/?page_id=333"},"modified":"2025-08-14T15:38:27","modified_gmt":"2025-08-14T13:38:27","slug":"ueber-andreas-matuska","status":"publish","type":"page","link":"https:\/\/andreas-matuska.com\/en\/about-andreas-matuska\/","title":{"rendered":"About Andreas Matuska"},"content":{"rendered":"<div data-elementor-type=\"wp-page\" data-elementor-id=\"333\" class=\"elementor elementor-333\">\n\t\t\t\t<div class=\"elementor-element elementor-element-1f1e54d e-flex e-con-boxed e-con e-parent\" data-id=\"1f1e54d\" data-element_type=\"container\" data-settings=\"{&quot;jet_parallax_layout_list&quot;:[]}\">\n\t\t\t\t\t<div class=\"e-con-inner\">\n\t\t<div class=\"elementor-element elementor-element-7c77787 e-flex e-con-boxed e-con e-child\" data-id=\"7c77787\" data-element_type=\"container\" data-settings=\"{&quot;jet_parallax_layout_list&quot;:[]}\">\n\t\t\t\t\t<div class=\"e-con-inner\">\n\t\t\t\t<div class=\"elementor-element elementor-element-2771a10 elementor-widget elementor-widget-heading\" data-id=\"2771a10\" data-element_type=\"widget\" data-widget_type=\"heading.default\">\n\t\t\t\t<div class=\"elementor-widget-container\">\n\t\t\t<style>\/*! elementor - v3.23.0 - 05-08-2024 *\/\n.elementor-heading-title{padding:0;margin:0;line-height:1}.elementor-widget-heading .elementor-heading-title[class*=elementor-size-]>a{color:inherit;font-size:inherit;line-height:inherit}.elementor-widget-heading .elementor-heading-title.elementor-size-small{font-size:15px}.elementor-widget-heading .elementor-heading-title.elementor-size-medium{font-size:19px}.elementor-widget-heading .elementor-heading-title.elementor-size-large{font-size:29px}.elementor-widget-heading .elementor-heading-title.elementor-size-xl{font-size:39px}.elementor-widget-heading .elementor-heading-title.elementor-size-xxl{font-size:59px}<\/style><h2 class=\"elementor-heading-title elementor-size-default translation-block\">Who is <br><span class=\"heading-underline\">Andreas Matuska? <\/span><\/h2>\t\t<\/div>\n\t\t\t\t<\/div>\n\t\t\t\t<div class=\"elementor-element elementor-element-22cad9b elementor-widget elementor-widget-text-editor\" data-id=\"22cad9b\" data-element_type=\"widget\" data-widget_type=\"text-editor.default\">\n\t\t\t\t<div class=\"elementor-widget-container\">\n\t\t\t<style>\/*! elementor - v3.23.0 - 05-08-2024 *\/\n.elementor-widget-text-editor.elementor-drop-cap-view-stacked .elementor-drop-cap{background-color:#69727d;color:#fff}.elementor-widget-text-editor.elementor-drop-cap-view-framed .elementor-drop-cap{color:#69727d;border:3px solid;background-color:transparent}.elementor-widget-text-editor:not(.elementor-drop-cap-view-default) .elementor-drop-cap{margin-top:8px}.elementor-widget-text-editor:not(.elementor-drop-cap-view-default) .elementor-drop-cap-letter{width:1em;height:1em}.elementor-widget-text-editor .elementor-drop-cap{float:left;text-align:center;line-height:1;font-size:50px}.elementor-widget-text-editor .elementor-drop-cap-letter{display:inline-block}<\/style>\t\t\t\t<p class=\" translation-block\"><b>Andreas Matuska<\/b> is one of the <b>world\u2019s best online marketers<\/b>. He has <b>over 10 years of experience in social media, network marketing, and online marketing. <\/b><\/p>\t\t\t\t\t\t<\/div>\n\t\t\t\t<\/div>\n\t\t\t\t<div class=\"elementor-element elementor-element-58c3353 elementor-widget elementor-widget-text-editor\" data-id=\"58c3353\" data-element_type=\"widget\" data-widget_type=\"text-editor.default\">\n\t\t\t\t<div class=\"elementor-widget-container\">\n\t\t\t\t\t\t\tLearn more about his career here:\t\t\t\t\t\t<\/div>\n\t\t\t\t<\/div>\n\t\t\t\t\t<\/div>\n\t\t\t\t<\/div>\n\t\t\t\t<div class=\"elementor-element elementor-element-a96aff8 elementor-invisible elementor-widget elementor-widget-jet-timeline\" data-id=\"a96aff8\" data-element_type=\"widget\" data-settings=\"{&quot;_animation&quot;:&quot;fadeIn&quot;}\" data-widget_type=\"jet-timeline.default\">\n\t\t\t\t<div class=\"elementor-widget-container\">\n\t\t\t<div class=\"elementor-jet-timeline jet-elements\"><div class=\"jet-timeline jet-timeline--align-center jet-timeline--align-middle\">\n\t<div class=\"jet-timeline__line\"><div class=\"jet-timeline__line-progress\"><\/div><\/div>\n\t<div class=\"jet-timeline-list\"><div class=\"jet-timeline-item jet-timeline-item--animated elementor-repeater-item-bf90661 jet-timeline-item--image-inside\">\n\t<div class=\"timeline-item__card\">\n\t\t<div class=\"timeline-item__card-inner\">\n\t\t\t\t\t\t\t\t<div class=\"timeline-item__card-content\">\n\t\t\t\t\t<div class=\"timeline-item__meta\"><div class=\"timeline-item__meta-content\">October, 1995<\/div><\/div><div class=\"timeline-item__card-desc\">Born in Austria, in a small village with about 500 inhabitants.<\/div>\t\t\t\t<\/div>\n\t\t\t\t\t\t<\/div>\n\t\t<div class=\"timeline-item__card-arrow\"><\/div>\n\t<\/div>\n\t<div class=\"timeline-item__point\"><div class=\"timeline-item__point-content timeline-item__point-content--icon\"><span class=\"jet-elements-icon\"><i aria-hidden=\"true\" class=\"fas fa-calendar-alt\"><\/i><\/span><\/div><\/div><div class=\"timeline-item__meta\"><div class=\"timeline-item__meta-content\">October, 1995<\/div><\/div><\/div><div class=\"jet-timeline-item jet-timeline-item--animated elementor-repeater-item-ed14aff jet-timeline-item--image-inside\">\n\t<div class=\"timeline-item__card\">\n\t\t<div class=\"timeline-item__card-inner\">\n\t\t\t\t<div class=\"timeline-item__card-img\"><img fetchpriority=\"high\" width=\"702\" height=\"690\" src=\"https:\/\/andreas-matuska.com\/wp-content\/uploads\/2022\/08\/WhatsApp-Image-2022-08-16-at-1.38.00-PM.jpeg\" class=\"attachment-full size-full wp-image-1236\" alt=\"\" decoding=\"async\" srcset=\"https:\/\/andreas-matuska.com\/wp-content\/uploads\/2022\/08\/WhatsApp-Image-2022-08-16-at-1.38.00-PM.jpeg 702w, https:\/\/andreas-matuska.com\/wp-content\/uploads\/2022\/08\/WhatsApp-Image-2022-08-16-at-1.38.00-PM-300x295.jpeg 300w\" sizes=\"(max-width: 702px) 100vw, 702px\" \/><\/div>\t\t\t\t<div class=\"timeline-item__card-content\">\n\t\t\t\t\t<div class=\"timeline-item__meta\"><div class=\"timeline-item__meta-content\">September, 2011<\/div><\/div><div class=\"timeline-item__card-desc\">Apprenticeship as industrial clerk.<\/div>\t\t\t\t<\/div>\n\t\t\t\t\t\t<\/div>\n\t\t<div class=\"timeline-item__card-arrow\"><\/div>\n\t<\/div>\n\t<div class=\"timeline-item__point\"><div class=\"timeline-item__point-content timeline-item__point-content--icon\"><span class=\"jet-elements-icon\"><i aria-hidden=\"true\" class=\"fas fa-calendar-alt\"><\/i><\/span><\/div><\/div><div class=\"timeline-item__meta\"><div class=\"timeline-item__meta-content\">September, 2011<\/div><\/div><\/div><div class=\"jet-timeline-item jet-timeline-item--animated elementor-repeater-item-07dec5e jet-timeline-item--image-inside\">\n\t<div class=\"timeline-item__card\">\n\t\t<div class=\"timeline-item__card-inner\">\n\t\t\t\t\t\t\t\t<div class=\"timeline-item__card-content\">\n\t\t\t\t\t<div class=\"timeline-item__meta\"><div class=\"timeline-item__meta-content\">December, 2012<\/div><\/div><div class=\"timeline-item__card-desc\">Andreas had his first experience with online marketing at the age of 17.<\/div>\t\t\t\t<\/div>\n\t\t\t\t\t\t<\/div>\n\t\t<div class=\"timeline-item__card-arrow\"><\/div>\n\t<\/div>\n\t<div class=\"timeline-item__point\"><div class=\"timeline-item__point-content timeline-item__point-content--icon\"><span class=\"jet-elements-icon\"><i aria-hidden=\"true\" class=\"fas fa-calendar-alt\"><\/i><\/span><\/div><\/div><div class=\"timeline-item__meta\"><div class=\"timeline-item__meta-content\">December, 2012<\/div><\/div><\/div><div class=\"jet-timeline-item jet-timeline-item--animated elementor-repeater-item-05da5c3 jet-timeline-item--image-inside\">\n\t<div class=\"timeline-item__card\">\n\t\t<div class=\"timeline-item__card-inner\">\n\t\t\t\t<div class=\"timeline-item__card-img\"><img width=\"300\" height=\"300\" src=\"https:\/\/andreas-matuska.com\/wp-content\/uploads\/2022\/08\/WhatsApp-Image-2022-08-16-at-1.38.18-PM-300x300.jpeg\" class=\"attachment-medium size-medium wp-image-1234\" alt=\"\" decoding=\"async\" srcset=\"https:\/\/andreas-matuska.com\/wp-content\/uploads\/2022\/08\/WhatsApp-Image-2022-08-16-at-1.38.18-PM-300x300.jpeg 300w, https:\/\/andreas-matuska.com\/wp-content\/uploads\/2022\/08\/WhatsApp-Image-2022-08-16-at-1.38.18-PM-150x150.jpeg 150w, https:\/\/andreas-matuska.com\/wp-content\/uploads\/2022\/08\/WhatsApp-Image-2022-08-16-at-1.38.18-PM-768x768.jpeg 768w, https:\/\/andreas-matuska.com\/wp-content\/uploads\/2022\/08\/WhatsApp-Image-2022-08-16-at-1.38.18-PM.jpeg 961w\" sizes=\"(max-width: 300px) 100vw, 300px\" \/><\/div>\t\t\t\t<div class=\"timeline-item__card-content\">\n\t\t\t\t\t<div class=\"timeline-item__meta\"><div class=\"timeline-item__meta-content\">August, 2013<\/div><\/div><div class=\"timeline-item__card-desc\">In addition to his training as an industrial clerk, Andreas started building up his Instagram and \u201cVine\u201d (a former video platform) pages in August 2013. By the end of 2013, he had over 100,000 followers on his platforms.<\/div>\t\t\t\t<\/div>\n\t\t\t\t\t\t<\/div>\n\t\t<div class=\"timeline-item__card-arrow\"><\/div>\n\t<\/div>\n\t<div class=\"timeline-item__point\"><div class=\"timeline-item__point-content timeline-item__point-content--icon\"><span class=\"jet-elements-icon\"><i aria-hidden=\"true\" class=\"fas fa-calendar-alt\"><\/i><\/span><\/div><\/div><div class=\"timeline-item__meta\"><div class=\"timeline-item__meta-content\">August, 2013<\/div><\/div><\/div><div class=\"jet-timeline-item jet-timeline-item--animated elementor-repeater-item-c5868e1 jet-timeline-item--image-inside\">\n\t<div class=\"timeline-item__card\">\n\t\t<div class=\"timeline-item__card-inner\">\n\t\t\t\t<div class=\"timeline-item__card-img\"><img width=\"960\" height=\"1280\" src=\"https:\/\/andreas-matuska.com\/wp-content\/uploads\/2022\/08\/WhatsApp-Image-2022-08-16-at-1.38.11-PM.jpeg\" class=\"attachment-full size-full wp-image-1235\" alt=\"\" decoding=\"async\" srcset=\"https:\/\/andreas-matuska.com\/wp-content\/uploads\/2022\/08\/WhatsApp-Image-2022-08-16-at-1.38.11-PM.jpeg 960w, https:\/\/andreas-matuska.com\/wp-content\/uploads\/2022\/08\/WhatsApp-Image-2022-08-16-at-1.38.11-PM-225x300.jpeg 225w, https:\/\/andreas-matuska.com\/wp-content\/uploads\/2022\/08\/WhatsApp-Image-2022-08-16-at-1.38.11-PM-768x1024.jpeg 768w\" sizes=\"(max-width: 960px) 100vw, 960px\" \/><\/div>\t\t\t\t<div class=\"timeline-item__card-content\">\n\t\t\t\t\t<div class=\"timeline-item__meta\"><div class=\"timeline-item__meta-content\">September, 2014<\/div><\/div><div class=\"timeline-item__card-desc\">After his training as an industrial clerk, Andreas started his own business as a sales representative for school supplies to finance his other businesses. \n<\/div>\t\t\t\t<\/div>\n\t\t\t\t\t\t<\/div>\n\t\t<div class=\"timeline-item__card-arrow\"><\/div>\n\t<\/div>\n\t<div class=\"timeline-item__point\"><div class=\"timeline-item__point-content timeline-item__point-content--icon\"><span class=\"jet-elements-icon\"><i aria-hidden=\"true\" class=\"fas fa-calendar-alt\"><\/i><\/span><\/div><\/div><div class=\"timeline-item__meta\"><div class=\"timeline-item__meta-content\">September, 2014<\/div><\/div><\/div><div class=\"jet-timeline-item jet-timeline-item--animated elementor-repeater-item-2d4085b jet-timeline-item--image-inside\">\n\t<div class=\"timeline-item__card\">\n\t\t<div class=\"timeline-item__card-inner\">\n\t\t\t\t<div class=\"timeline-item__card-img\"><img loading=\"lazy\" width=\"960\" height=\"1280\" src=\"https:\/\/andreas-matuska.com\/wp-content\/uploads\/2022\/08\/WhatsApp-Image-2022-08-16-at-1.47.24-PM.jpeg\" class=\"attachment-full size-full wp-image-1240\" alt=\"\" decoding=\"async\" srcset=\"https:\/\/andreas-matuska.com\/wp-content\/uploads\/2022\/08\/WhatsApp-Image-2022-08-16-at-1.47.24-PM.jpeg 960w, https:\/\/andreas-matuska.com\/wp-content\/uploads\/2022\/08\/WhatsApp-Image-2022-08-16-at-1.47.24-PM-225x300.jpeg 225w, https:\/\/andreas-matuska.com\/wp-content\/uploads\/2022\/08\/WhatsApp-Image-2022-08-16-at-1.47.24-PM-768x1024.jpeg 768w\" sizes=\"(max-width: 960px) 100vw, 960px\" \/><\/div>\t\t\t\t<div class=\"timeline-item__card-content\">\n\t\t\t\t\t<div class=\"timeline-item__meta\"><div class=\"timeline-item__meta-content\">January, 2015<\/div><\/div><div class=\"timeline-item__card-desc\">Andreas completed a total of 6 months of training with the Austrian military in early 2015.<\/div>\t\t\t\t<\/div>\n\t\t\t\t\t\t<\/div>\n\t\t<div class=\"timeline-item__card-arrow\"><\/div>\n\t<\/div>\n\t<div class=\"timeline-item__point\"><div class=\"timeline-item__point-content timeline-item__point-content--icon\"><span class=\"jet-elements-icon\"><i aria-hidden=\"true\" class=\"fas fa-calendar-alt\"><\/i><\/span><\/div><\/div><div class=\"timeline-item__meta\"><div class=\"timeline-item__meta-content\">January, 2015<\/div><\/div><\/div><div class=\"jet-timeline-item jet-timeline-item--animated elementor-repeater-item-dc6d014 jet-timeline-item--image-inside\">\n\t<div class=\"timeline-item__card\">\n\t\t<div class=\"timeline-item__card-inner\">\n\t\t\t\t\t\t\t\t<div class=\"timeline-item__card-content\">\n\t\t\t\t\t<div class=\"timeline-item__meta\"><div class=\"timeline-item__meta-content\">May, 2016<\/div><\/div><div class=\"timeline-item__card-desc\">After several years of intensive experience in business and many setbacks, Andreas had his first financial success as an independent customer consultant for Austrian companies.<\/div>\t\t\t\t<\/div>\n\t\t\t\t\t\t<\/div>\n\t\t<div class=\"timeline-item__card-arrow\"><\/div>\n\t<\/div>\n\t<div class=\"timeline-item__point\"><div class=\"timeline-item__point-content timeline-item__point-content--icon\"><span class=\"jet-elements-icon\"><i aria-hidden=\"true\" class=\"fas fa-calendar-alt\"><\/i><\/span><\/div><\/div><div class=\"timeline-item__meta\"><div class=\"timeline-item__meta-content\">May, 2016<\/div><\/div><\/div><div class=\"jet-timeline-item jet-timeline-item--animated elementor-repeater-item-8dae76b jet-timeline-item--image-inside\">\n\t<div class=\"timeline-item__card\">\n\t\t<div class=\"timeline-item__card-inner\">\n\t\t\t\t<div class=\"timeline-item__card-img\"><img loading=\"lazy\" width=\"672\" height=\"504\" src=\"https:\/\/andreas-matuska.com\/wp-content\/uploads\/2022\/08\/image-10.png\" class=\"attachment-medium_large size-medium_large wp-image-336\" alt=\"\" decoding=\"async\" srcset=\"https:\/\/andreas-matuska.com\/wp-content\/uploads\/2022\/08\/image-10.png 672w, https:\/\/andreas-matuska.com\/wp-content\/uploads\/2022\/08\/image-10-300x225.png 300w\" sizes=\"(max-width: 672px) 100vw, 672px\" \/><\/div>\t\t\t\t<div class=\"timeline-item__card-content\">\n\t\t\t\t\t<div class=\"timeline-item__meta\"><div class=\"timeline-item__meta-content\">November, 2018<\/div><\/div><div class=\"timeline-item__card-desc translation-block\">With Andreas' old partner company and the Child and Family Foundation, he visited the \"Nelson Mandela School\" in Qunu, where Andreas and his sales partners helped to finance a significant contribution to the construction of the school. <br><br>\nYou can find more information about this project in the <a href=\"https:\/\/andreas-matuska.com\/en\/charity\/\" target=\"_self\"> Charity <\/a> section.<\/div>\t\t\t\t<\/div>\n\t\t\t\t\t\t<\/div>\n\t\t<div class=\"timeline-item__card-arrow\"><\/div>\n\t<\/div>\n\t<div class=\"timeline-item__point\"><div class=\"timeline-item__point-content timeline-item__point-content--icon\"><span class=\"jet-elements-icon\"><i aria-hidden=\"true\" class=\"fas fa-calendar-alt\"><\/i><\/span><\/div><\/div><div class=\"timeline-item__meta\"><div class=\"timeline-item__meta-content\">November, 2018<\/div><\/div><\/div><div class=\"jet-timeline-item jet-timeline-item--animated elementor-repeater-item-0c8ddae jet-timeline-item--image-inside\">\n\t<div class=\"timeline-item__card\">\n\t\t<div class=\"timeline-item__card-inner\">\n\t\t\t\t<div class=\"timeline-item__card-img\"><img loading=\"lazy\" width=\"768\" height=\"432\" src=\"https:\/\/andreas-matuska.com\/wp-content\/uploads\/2022\/08\/123123-768x432.jpg\" class=\"attachment-medium_large size-medium_large wp-image-337\" alt=\"\" decoding=\"async\" srcset=\"https:\/\/andreas-matuska.com\/wp-content\/uploads\/2022\/08\/123123-768x432.jpg 768w, https:\/\/andreas-matuska.com\/wp-content\/uploads\/2022\/08\/123123-300x169.jpg 300w, https:\/\/andreas-matuska.com\/wp-content\/uploads\/2022\/08\/123123-1024x576.jpg 1024w, https:\/\/andreas-matuska.com\/wp-content\/uploads\/2022\/08\/123123-1536x864.jpg 1536w, https:\/\/andreas-matuska.com\/wp-content\/uploads\/2022\/08\/123123-2048x1152.jpg 2048w\" sizes=\"(max-width: 768px) 100vw, 768px\" \/><\/div>\t\t\t\t<div class=\"timeline-item__card-content\">\n\t\t\t\t\t<div class=\"timeline-item__meta\"><div class=\"timeline-item__meta-content\">June, 2019<\/div><\/div><div class=\"timeline-item__card-desc\">Andreas organized an event in the Veltins Arena in Gelsenkirchen with his partner company, where he worked as an independent customer consultant. For over 1 hour, Andreas inspired around 40,000 salespeople on stage.<\/div>\t\t\t\t<\/div>\n\t\t\t\t\t\t<\/div>\n\t\t<div class=\"timeline-item__card-arrow\"><\/div>\n\t<\/div>\n\t<div class=\"timeline-item__point\"><div class=\"timeline-item__point-content timeline-item__point-content--icon\"><span class=\"jet-elements-icon\"><i aria-hidden=\"true\" class=\"fas fa-calendar-alt\"><\/i><\/span><\/div><\/div><div class=\"timeline-item__meta\"><div class=\"timeline-item__meta-content\">June, 2019<\/div><\/div><\/div><div class=\"jet-timeline-item jet-timeline-item--animated elementor-repeater-item-3c48311 jet-timeline-item--image-inside\">\n\t<div class=\"timeline-item__card\">\n\t\t<div class=\"timeline-item__card-inner\">\n\t\t\t\t<div class=\"timeline-item__card-img\"><img loading=\"lazy\" width=\"336\" height=\"336\" src=\"https:\/\/andreas-matuska.com\/wp-content\/uploads\/2022\/08\/image-12.png\" class=\"attachment-medium_large size-medium_large wp-image-338\" alt=\"\" decoding=\"async\" srcset=\"https:\/\/andreas-matuska.com\/wp-content\/uploads\/2022\/08\/image-12.png 336w, https:\/\/andreas-matuska.com\/wp-content\/uploads\/2022\/08\/image-12-300x300.png 300w, https:\/\/andreas-matuska.com\/wp-content\/uploads\/2022\/08\/image-12-150x150.png 150w\" sizes=\"(max-width: 336px) 100vw, 336px\" \/><\/div>\t\t\t\t<div class=\"timeline-item__card-content\">\n\t\t\t\t\t<div class=\"timeline-item__meta\"><div class=\"timeline-item__meta-content\">December, 2019<\/div><\/div><div class=\"timeline-item__card-desc\">Andreas\u2019 success grew steadily, and he was invited to be a guest speaker at the largest American network marketing conference alongside other industry greats. He shared his social media knowledge in front of over 20,000 attendees in Las Vegas.<\/div>\t\t\t\t<\/div>\n\t\t\t\t\t\t<\/div>\n\t\t<div class=\"timeline-item__card-arrow\"><\/div>\n\t<\/div>\n\t<div class=\"timeline-item__point\"><div class=\"timeline-item__point-content timeline-item__point-content--icon\"><span class=\"jet-elements-icon\"><i aria-hidden=\"true\" class=\"fas fa-calendar-alt\"><\/i><\/span><\/div><\/div><div class=\"timeline-item__meta\"><div class=\"timeline-item__meta-content\">December, 2019<\/div><\/div><\/div><div class=\"jet-timeline-item jet-timeline-item--animated elementor-repeater-item-5027195 jet-timeline-item--image-inside\">\n\t<div class=\"timeline-item__card\">\n\t\t<div class=\"timeline-item__card-inner\">\n\t\t\t\t<div class=\"timeline-item__card-img\"><img loading=\"lazy\" width=\"646\" height=\"430\" src=\"https:\/\/andreas-matuska.com\/wp-content\/uploads\/2022\/08\/image-13.png\" class=\"attachment-medium_large size-medium_large wp-image-342\" alt=\"\" decoding=\"async\" srcset=\"https:\/\/andreas-matuska.com\/wp-content\/uploads\/2022\/08\/image-13.png 646w, https:\/\/andreas-matuska.com\/wp-content\/uploads\/2022\/08\/image-13-300x200.png 300w\" sizes=\"(max-width: 646px) 100vw, 646px\" \/><\/div>\t\t\t\t<div class=\"timeline-item__card-content\">\n\t\t\t\t\t<div class=\"timeline-item__meta\"><div class=\"timeline-item__meta-content\">January, 2020<\/div><\/div><div class=\"timeline-item__card-desc\">Andreas was inducted into the Network Marketing Hall of Fame in front of thousands of people at the beginning of 2020 and received an award for excellent network marketing.<\/div>\t\t\t\t<\/div>\n\t\t\t\t\t\t<\/div>\n\t\t<div class=\"timeline-item__card-arrow\"><\/div>\n\t<\/div>\n\t<div class=\"timeline-item__point\"><div class=\"timeline-item__point-content timeline-item__point-content--icon\"><span class=\"jet-elements-icon\"><i aria-hidden=\"true\" class=\"fas fa-calendar-alt\"><\/i><\/span><\/div><\/div><div class=\"timeline-item__meta\"><div class=\"timeline-item__meta-content\">January, 2020<\/div><\/div><\/div><div class=\"jet-timeline-item jet-timeline-item--animated elementor-repeater-item-fe5e157 jet-timeline-item--image-inside\">\n\t<div class=\"timeline-item__card\">\n\t\t<div class=\"timeline-item__card-inner\">\n\t\t\t\t<div class=\"timeline-item__card-img\"><img loading=\"lazy\" width=\"571\" height=\"455\" src=\"https:\/\/andreas-matuska.com\/wp-content\/uploads\/2025\/08\/WhatsApp-Image-2025-05-01-at-16.06.30.jpeg\" class=\"attachment-medium_large size-medium_large wp-image-1776\" alt=\"\" decoding=\"async\" srcset=\"https:\/\/andreas-matuska.com\/wp-content\/uploads\/2025\/08\/WhatsApp-Image-2025-05-01-at-16.06.30.jpeg 571w, https:\/\/andreas-matuska.com\/wp-content\/uploads\/2025\/08\/WhatsApp-Image-2025-05-01-at-16.06.30-300x239.jpeg 300w, https:\/\/andreas-matuska.com\/wp-content\/uploads\/2025\/08\/WhatsApp-Image-2025-05-01-at-16.06.30-15x12.jpeg 15w\" sizes=\"(max-width: 571px) 100vw, 571px\" \/><\/div>\t\t\t\t<div class=\"timeline-item__card-content\">\n\t\t\t\t\t<div class=\"timeline-item__meta\"><div class=\"timeline-item__meta-content\">July, 2020<\/div><\/div><div class=\"timeline-item__card-desc\">Andreas belegt Rang 15 in der internationalen Wertung aller Network Marketer weltweit auf Business for Home.<\/div>\t\t\t\t<\/div>\n\t\t\t\t\t\t<\/div>\n\t\t<div class=\"timeline-item__card-arrow\"><\/div>\n\t<\/div>\n\t<div class=\"timeline-item__point\"><div class=\"timeline-item__point-content timeline-item__point-content--icon\"><span class=\"jet-elements-icon\"><i aria-hidden=\"true\" class=\"fas fa-calendar-alt\"><\/i><\/span><\/div><\/div><div class=\"timeline-item__meta\"><div class=\"timeline-item__meta-content\">July, 2020<\/div><\/div><\/div><div class=\"jet-timeline-item jet-timeline-item--animated elementor-repeater-item-9a92c9a jet-timeline-item--image-inside\">\n\t<div class=\"timeline-item__card\">\n\t\t<div class=\"timeline-item__card-inner\">\n\t\t\t\t<div class=\"timeline-item__card-img\"><img loading=\"lazy\" width=\"768\" height=\"515\" src=\"https:\/\/andreas-matuska.com\/wp-content\/uploads\/2022\/08\/August-2021-768x515.png\" class=\"attachment-medium_large size-medium_large wp-image-1220\" alt=\"\" decoding=\"async\" srcset=\"https:\/\/andreas-matuska.com\/wp-content\/uploads\/2022\/08\/August-2021-768x515.png 768w, https:\/\/andreas-matuska.com\/wp-content\/uploads\/2022\/08\/August-2021-300x201.png 300w, https:\/\/andreas-matuska.com\/wp-content\/uploads\/2022\/08\/August-2021-1024x687.png 1024w, https:\/\/andreas-matuska.com\/wp-content\/uploads\/2022\/08\/August-2021-1536x1030.png 1536w, https:\/\/andreas-matuska.com\/wp-content\/uploads\/2022\/08\/August-2021-2048x1373.png 2048w\" sizes=\"(max-width: 768px) 100vw, 768px\" \/><\/div>\t\t\t\t<div class=\"timeline-item__card-content\">\n\t\t\t\t\t<div class=\"timeline-item__meta\"><div class=\"timeline-item__meta-content\">August, 2020<\/div><\/div><div class=\"timeline-item__card-desc\">In mid 2020, Andreas founded the online marketing agency \u201cAmatuska LLC\" and since then he and his employees have helped around 1,000 agencies generate more revenue using Andreas\u2019 social media strategies.<\/div>\t\t\t\t<\/div>\n\t\t\t\t\t\t<\/div>\n\t\t<div class=\"timeline-item__card-arrow\"><\/div>\n\t<\/div>\n\t<div class=\"timeline-item__point\"><div class=\"timeline-item__point-content timeline-item__point-content--icon\"><span class=\"jet-elements-icon\"><i aria-hidden=\"true\" class=\"fas fa-calendar-alt\"><\/i><\/span><\/div><\/div><div class=\"timeline-item__meta\"><div class=\"timeline-item__meta-content\">August, 2020<\/div><\/div><\/div><\/div><\/div><\/div>\t\t<\/div>\n\t\t\t\t<\/div>\n\t\t\t\t\t<\/div>\n\t\t\t\t<\/div>\n\t\t\t\t<\/div>","protected":false},"excerpt":{"rendered":"<p>Wer ist Andreas Matuska? Andreas Matuska ist einer der besten Online-Marketer auf der ganzen Welt. Er hat \u00fcber 11 Jahre Erfahrung in den Bereichen Social-Media, Network-Marketing und Online-Marketing. Hier erf\u00e4hrst du mehr \u00fcber seinen Werdegang: Oktober, 1995Geboren in Nieder\u00f6sterreich, in einem kleinen Dorf mit ca. 500 Einwohnern. Oktober, 1995 September, 2011Ausbildung zum Industriekaufmann September, 2011 [&hellip;]<\/p>","protected":false},"author":2,"featured_media":354,"parent":0,"menu_order":0,"comment_status":"closed","ping_status":"closed","template":"","meta":[],"acf":[],"_links":{"self":[{"href":"https:\/\/andreas-matuska.com\/en\/wp-json\/wp\/v2\/pages\/333"}],"collection":[{"href":"https:\/\/andreas-matuska.com\/en\/wp-json\/wp\/v2\/pages"}],"about":[{"href":"https:\/\/andreas-matuska.com\/en\/wp-json\/wp\/v2\/types\/page"}],"author":[{"embeddable":true,"href":"https:\/\/andreas-matuska.com\/en\/wp-json\/wp\/v2\/users\/2"}],"replies":[{"embeddable":true,"href":"https:\/\/andreas-matuska.com\/en\/wp-json\/wp\/v2\/comments?post=333"}],"version-history":[{"count":10,"href":"https:\/\/andreas-matuska.com\/en\/wp-json\/wp\/v2\/pages\/333\/revisions"}],"predecessor-version":[{"id":1779,"href":"https:\/\/andreas-matuska.com\/en\/wp-json\/wp\/v2\/pages\/333\/revisions\/1779"}],"wp:featuredmedia":[{"embeddable":true,"href":"https:\/\/andreas-matuska.com\/en\/wp-json\/wp\/v2\/media\/354"}],"wp:attachment":[{"href":"https:\/\/andreas-matuska.com\/en\/wp-json\/wp\/v2\/media?parent=333"}],"curies":[{"name":"wp","href":"https:\/\/api.w.org\/{rel}","templated":true}]}}