{"id":298,"date":"2022-08-03T21:11:58","date_gmt":"2022-08-03T19:11:58","guid":{"rendered":"https:\/\/andreas-matuska.com\/?page_id=298"},"modified":"2026-03-18T09:19:32","modified_gmt":"2026-03-18T08:19:32","slug":"home","status":"publish","type":"page","link":"https:\/\/andreas-matuska.com\/en\/","title":{"rendered":"Home"},"content":{"rendered":"<div data-elementor-type=\"wp-page\" data-elementor-id=\"298\" class=\"elementor elementor-298\">\n\t\t\t\t<div class=\"elementor-element elementor-element-c5ca3c3 e-con-full e-flex e-con e-parent\" data-id=\"c5ca3c3\" data-element_type=\"container\" data-settings=\"{&quot;jet_parallax_layout_list&quot;:[]}\">\n\t\t\t\t<div class=\"elementor-element elementor-element-08510ce elementor-widget__width-inherit elementor-widget-tablet__width-inherit elementor-widget elementor-widget-jet-video\" data-id=\"08510ce\" data-element_type=\"widget\" data-widget_type=\"jet-video.default\">\n\t\t\t\t<div class=\"elementor-widget-container\">\n\t\t\t<div class=\"elementor-jet-video jet-elements\">\n<div class=\"jet-video jet-video--fa5-compat jet-video-aspect-ratio jet-video-aspect-ratio--16-9\" data-settings=\"{&quot;lightbox&quot;:false,&quot;autoplay&quot;:true}\"><iframe class=\"jet-video-iframe\" allowfullscreen allow=\"autoplay;encrypted-media\" title=\"vimeo Video Player\" data-lazy-load=\"https:\/\/player.vimeo.com\/video\/739363052?autopause=0&amp;autoplay=1&amp;loop=0&amp;muted=1&amp;h=3851b2b27c#t=\"><\/iframe>\n<div class=\"jet-video__overlay jet-video__overlay--custom-bg\" style=\"background-image: url(https:\/\/andreas-matuska.com\/wp-content\/uploads\/2022\/08\/220716_Growvention-22\u00a9Gavric-David-8187-e1661609991852.jpg);\">\n<div class=\"jet-video__play-button\" role=\"button\" tabindex=\"0\" aria-label=\"Video play button\"><span class=\"jet-elements-icon jet-video__play-button-icon\"><i aria-hidden=\"true\" class=\"fas fa-play\"><\/i><\/span>\t<span class=\"elementor-screen-only\">Play Video<\/span>\n<\/div>\n<\/div>\n<\/div>\n<\/div>\t\t<\/div>\n\t\t\t\t<\/div>\n\t\t\t\t<div class=\"elementor-element elementor-element-cc73378 elementor-widget elementor-widget-heading\" data-id=\"cc73378\" data-element_type=\"widget\" data-widget_type=\"heading.default\">\n\t\t\t\t<div class=\"elementor-widget-container\">\n\t\t\t<style>\/*! elementor - v3.23.0 - 05-08-2024 *\/\n.elementor-heading-title{padding:0;margin:0;line-height:1}.elementor-widget-heading .elementor-heading-title[class*=elementor-size-]>a{color:inherit;font-size:inherit;line-height:inherit}.elementor-widget-heading .elementor-heading-title.elementor-size-small{font-size:15px}.elementor-widget-heading .elementor-heading-title.elementor-size-medium{font-size:19px}.elementor-widget-heading .elementor-heading-title.elementor-size-large{font-size:29px}.elementor-widget-heading .elementor-heading-title.elementor-size-xl{font-size:39px}.elementor-widget-heading .elementor-heading-title.elementor-size-xxl{font-size:59px}<\/style><h6 class=\"elementor-heading-title elementor-size-default\"><span class=\"heading-underline\">SPEAKER. MENTOR. CREATOR <\/span><\/h6>\t\t<\/div>\n\t\t\t\t<\/div>\n\t\t\t\t<\/div>\n\t\t<div class=\"elementor-element elementor-element-088c7d3 e-flex e-con-boxed elementor-invisible e-con e-parent\" data-id=\"088c7d3\" data-element_type=\"container\" data-settings=\"{&quot;background_background&quot;:&quot;gradient&quot;,&quot;animation&quot;:&quot;fadeIn&quot;,&quot;jet_parallax_layout_list&quot;:[]}\">\n\t\t\t\t\t<div class=\"e-con-inner\">\n\t\t<div class=\"elementor-element elementor-element-fdc2e94 e-con-full e-flex e-con e-child\" data-id=\"fdc2e94\" data-element_type=\"container\" data-settings=\"{&quot;jet_parallax_layout_list&quot;:[]}\">\n\t\t\t\t<div class=\"elementor-element elementor-element-2863d6d elementor-widget elementor-widget-heading\" data-id=\"2863d6d\" data-element_type=\"widget\" data-widget_type=\"heading.default\">\n\t\t\t\t<div class=\"elementor-widget-container\">\n\t\t\t<h3 class=\"elementor-heading-title elementor-size-default translation-block\"><span style=\"font-weight: normal\">Our <\/span>Creative Head &amp; Founder Andreas Matuska <span style=\"font-weight: normal\">is also <\/span>known from:<\/h3>\t\t<\/div>\n\t\t\t\t<\/div>\n\t\t<div class=\"elementor-element elementor-element-adaf5ae e-flex e-con-boxed e-con e-child\" data-id=\"adaf5ae\" data-element_type=\"container\" data-settings=\"{&quot;jet_parallax_layout_list&quot;:[]}\">\n\t\t\t\t\t<div class=\"e-con-inner\">\n\t\t<div class=\"elementor-element elementor-element-e355e8e e-con-full e-flex e-con e-child\" data-id=\"e355e8e\" data-element_type=\"container\" data-settings=\"{&quot;background_background&quot;:&quot;classic&quot;,&quot;jet_parallax_layout_list&quot;:[]}\">\n\t\t\t\t<div class=\"elementor-element elementor-element-018c961 elementor-widget elementor-widget-image\" data-id=\"018c961\" data-element_type=\"widget\" data-widget_type=\"image.default\">\n\t\t\t\t<div class=\"elementor-widget-container\">\n\t\t\t<style>\/*! elementor - v3.23.0 - 05-08-2024 *\/\n.elementor-widget-image{text-align:center}.elementor-widget-image a{display:inline-block}.elementor-widget-image a img[src$=\".svg\"]{width:48px}.elementor-widget-image img{vertical-align:middle;display:inline-block}<\/style>\t\t\t\t\t\t\t\t\t\t<img fetchpriority=\"high\" decoding=\"async\" width=\"794\" height=\"178\" src=\"https:\/\/andreas-matuska.com\/wp-content\/uploads\/2022\/08\/yt_logo_rgb_light.png\" class=\"attachment-large size-large wp-image-310\" alt=\"\" srcset=\"https:\/\/andreas-matuska.com\/wp-content\/uploads\/2022\/08\/yt_logo_rgb_light.png 794w, https:\/\/andreas-matuska.com\/wp-content\/uploads\/2022\/08\/yt_logo_rgb_light-300x67.png 300w, https:\/\/andreas-matuska.com\/wp-content\/uploads\/2022\/08\/yt_logo_rgb_light-768x172.png 768w\" sizes=\"(max-width: 794px) 100vw, 794px\" \/>\t\t\t\t\t\t\t\t\t\t\t\t\t<\/div>\n\t\t\t\t<\/div>\n\t\t\t\t<div class=\"elementor-element elementor-element-78b656f elementor-widget elementor-widget-text-editor\" data-id=\"78b656f\" data-element_type=\"widget\" data-widget_type=\"text-editor.default\">\n\t\t\t\t<div class=\"elementor-widget-container\">\n\t\t\t<style>\/*! elementor - v3.23.0 - 05-08-2024 *\/\n.elementor-widget-text-editor.elementor-drop-cap-view-stacked .elementor-drop-cap{background-color:#69727d;color:#fff}.elementor-widget-text-editor.elementor-drop-cap-view-framed .elementor-drop-cap{color:#69727d;border:3px solid;background-color:transparent}.elementor-widget-text-editor:not(.elementor-drop-cap-view-default) .elementor-drop-cap{margin-top:8px}.elementor-widget-text-editor:not(.elementor-drop-cap-view-default) .elementor-drop-cap-letter{width:1em;height:1em}.elementor-widget-text-editor .elementor-drop-cap{float:left;text-align:center;line-height:1;font-size:50px}.elementor-widget-text-editor .elementor-drop-cap-letter{display:inline-block}<\/style>\t\t\t\t<p>Lifestyle Channel<\/p>\t\t\t\t\t\t<\/div>\n\t\t\t\t<\/div>\n\t\t\t\t<div class=\"elementor-element elementor-element-f61317e elementor-widget elementor-widget-text-editor\" data-id=\"f61317e\" data-element_type=\"widget\" data-widget_type=\"text-editor.default\">\n\t\t\t\t<div class=\"elementor-widget-container\">\n\t\t\t\t\t\t\t<p>@amatuska<\/p>\t\t\t\t\t\t<\/div>\n\t\t\t\t<\/div>\n\t\t\t\t<\/div>\n\t\t<div class=\"elementor-element elementor-element-afd770a e-con-full e-flex e-con e-child\" data-id=\"afd770a\" data-element_type=\"container\" data-settings=\"{&quot;background_background&quot;:&quot;classic&quot;,&quot;jet_parallax_layout_list&quot;:[]}\">\n\t\t\t\t<div class=\"elementor-element elementor-element-bc11770 elementor-widget elementor-widget-image\" data-id=\"bc11770\" data-element_type=\"widget\" data-widget_type=\"image.default\">\n\t\t\t\t<div class=\"elementor-widget-container\">\n\t\t\t\t\t\t\t\t\t\t\t\t\t<img decoding=\"async\" width=\"800\" height=\"800\" src=\"https:\/\/andreas-matuska.com\/wp-content\/uploads\/2022\/08\/Instagram_Glyph_Gradient_RGB.png\" class=\"attachment-large size-large wp-image-311\" alt=\"\" srcset=\"https:\/\/andreas-matuska.com\/wp-content\/uploads\/2022\/08\/Instagram_Glyph_Gradient_RGB.png 1000w, https:\/\/andreas-matuska.com\/wp-content\/uploads\/2022\/08\/Instagram_Glyph_Gradient_RGB-300x300.png 300w, https:\/\/andreas-matuska.com\/wp-content\/uploads\/2022\/08\/Instagram_Glyph_Gradient_RGB-150x150.png 150w, https:\/\/andreas-matuska.com\/wp-content\/uploads\/2022\/08\/Instagram_Glyph_Gradient_RGB-768x768.png 768w\" sizes=\"(max-width: 800px) 100vw, 800px\" \/>\t\t\t\t\t\t\t\t\t\t\t\t\t<\/div>\n\t\t\t\t<\/div>\n\t\t\t\t<div class=\"elementor-element elementor-element-636adae elementor-widget elementor-widget-text-editor\" data-id=\"636adae\" data-element_type=\"widget\" data-widget_type=\"text-editor.default\">\n\t\t\t\t<div class=\"elementor-widget-container\">\n\t\t\t\t\t\t\t<p><span style=\"white-space: pre-wrap;\">Andreas Matuska<\/span><\/p>\t\t\t\t\t\t<\/div>\n\t\t\t\t<\/div>\n\t\t\t\t<div class=\"elementor-element elementor-element-a541e4f elementor-widget elementor-widget-text-editor\" data-id=\"a541e4f\" data-element_type=\"widget\" data-widget_type=\"text-editor.default\">\n\t\t\t\t<div class=\"elementor-widget-container\">\n\t\t\t\t\t\t\t<p>@amatuska_<\/p>\t\t\t\t\t\t<\/div>\n\t\t\t\t<\/div>\n\t\t\t\t<\/div>\n\t\t<div class=\"elementor-element elementor-element-acd27f1 e-con-full e-flex e-con e-child\" data-id=\"acd27f1\" data-element_type=\"container\" data-settings=\"{&quot;background_background&quot;:&quot;classic&quot;,&quot;jet_parallax_layout_list&quot;:[]}\">\n\t\t\t\t<div class=\"elementor-element elementor-element-aca04e5 elementor-widget elementor-widget-image\" data-id=\"aca04e5\" data-element_type=\"widget\" data-widget_type=\"image.default\">\n\t\t\t\t<div class=\"elementor-widget-container\">\n\t\t\t\t\t\t\t\t\t\t\t\t\t<img decoding=\"async\" width=\"178\" height=\"63\" src=\"https:\/\/andreas-matuska.com\/wp-content\/uploads\/2022\/08\/forbes.png\" class=\"attachment-large size-large wp-image-312\" alt=\"\" \/>\t\t\t\t\t\t\t\t\t\t\t\t\t<\/div>\n\t\t\t\t<\/div>\n\t\t\t\t<div class=\"elementor-element elementor-element-0753540 elementor-widget elementor-widget-text-editor\" data-id=\"0753540\" data-element_type=\"widget\" data-widget_type=\"text-editor.default\">\n\t\t\t\t<div class=\"elementor-widget-container\">\n\t\t\t\t\t\t\t<p><span style=\"white-space: pre-wrap;\">Monaco &amp; Austria<\/span><\/p>\t\t\t\t\t\t<\/div>\n\t\t\t\t<\/div>\n\t\t\t\t<\/div>\n\t\t<div class=\"elementor-element elementor-element-596ac2c e-con-full e-flex e-con e-child\" data-id=\"596ac2c\" data-element_type=\"container\" data-settings=\"{&quot;background_background&quot;:&quot;classic&quot;,&quot;jet_parallax_layout_list&quot;:[]}\">\n\t\t\t\t<div class=\"elementor-element elementor-element-30b9e6d elementor-widget elementor-widget-image\" data-id=\"30b9e6d\" data-element_type=\"widget\" data-widget_type=\"image.default\">\n\t\t\t\t<div class=\"elementor-widget-container\">\n\t\t\t\t\t\t\t\t\t\t\t\t\t<img loading=\"lazy\" decoding=\"async\" width=\"178\" height=\"63\" src=\"https:\/\/andreas-matuska.com\/wp-content\/uploads\/2022\/08\/entrepreneur.png\" class=\"attachment-large size-large wp-image-708\" alt=\"\" srcset=\"https:\/\/andreas-matuska.com\/wp-content\/uploads\/2022\/08\/entrepreneur.png 178w, https:\/\/andreas-matuska.com\/wp-content\/uploads\/2022\/08\/entrepreneur-18x6.png 18w\" sizes=\"(max-width: 178px) 100vw, 178px\" \/>\t\t\t\t\t\t\t\t\t\t\t\t\t<\/div>\n\t\t\t\t<\/div>\n\t\t\t\t<\/div>\n\t\t<div class=\"elementor-element elementor-element-d51b8ca e-con-full e-flex e-con e-child\" data-id=\"d51b8ca\" data-element_type=\"container\" data-settings=\"{&quot;background_background&quot;:&quot;classic&quot;,&quot;jet_parallax_layout_list&quot;:[]}\">\n\t\t\t\t<div class=\"elementor-element elementor-element-7a91b89 elementor-widget elementor-widget-image\" data-id=\"7a91b89\" data-element_type=\"widget\" data-widget_type=\"image.default\">\n\t\t\t\t<div class=\"elementor-widget-container\">\n\t\t\t\t\t\t\t\t\t\t\t\t\t<img loading=\"lazy\" decoding=\"async\" width=\"178\" height=\"63\" src=\"https:\/\/andreas-matuska.com\/wp-content\/uploads\/2022\/08\/erfolg.png\" class=\"attachment-large size-large wp-image-313\" alt=\"\" \/>\t\t\t\t\t\t\t\t\t\t\t\t\t<\/div>\n\t\t\t\t<\/div>\n\t\t\t\t<\/div>\n\t\t<div class=\"elementor-element elementor-element-dc18120 e-con-full e-flex e-con e-child\" data-id=\"dc18120\" data-element_type=\"container\" data-settings=\"{&quot;background_background&quot;:&quot;classic&quot;,&quot;jet_parallax_layout_list&quot;:[]}\">\n\t\t\t\t<div class=\"elementor-element elementor-element-f8203a1 elementor-widget elementor-widget-image\" data-id=\"f8203a1\" data-element_type=\"widget\" data-widget_type=\"image.default\">\n\t\t\t\t<div class=\"elementor-widget-container\">\n\t\t\t\t\t\t\t\t\t\t\t\t\t<img loading=\"lazy\" decoding=\"async\" width=\"178\" height=\"63\" src=\"https:\/\/andreas-matuska.com\/wp-content\/uploads\/2022\/08\/yahoo.png\" class=\"attachment-large size-large wp-image-314\" alt=\"\" \/>\t\t\t\t\t\t\t\t\t\t\t\t\t<\/div>\n\t\t\t\t<\/div>\n\t\t\t\t<\/div>\n\t\t\t\t\t<\/div>\n\t\t\t\t<\/div>\n\t\t\t\t<\/div>\n\t\t<div class=\"elementor-element elementor-element-3044438 e-con-full elementor-hidden-tablet elementor-hidden-mobile e-flex e-con e-child\" data-id=\"3044438\" data-element_type=\"container\" data-settings=\"{&quot;jet_parallax_layout_list&quot;:[]}\">\n\t\t\t\t<\/div>\n\t\t\t\t\t<\/div>\n\t\t\t\t<\/div>\n\t\t<div class=\"elementor-element elementor-element-e8ec40d e-flex e-con-boxed elementor-invisible e-con e-parent\" data-id=\"e8ec40d\" data-element_type=\"container\" data-settings=\"{&quot;background_background&quot;:&quot;classic&quot;,&quot;animation&quot;:&quot;fadeIn&quot;,&quot;jet_parallax_layout_list&quot;:[]}\">\n\t\t\t\t\t<div class=\"e-con-inner\">\n\t\t<div class=\"elementor-element elementor-element-ab3bc29 e-con-full e-flex e-con e-child\" data-id=\"ab3bc29\" data-element_type=\"container\" data-settings=\"{&quot;jet_parallax_layout_list&quot;:[]}\">\n\t\t\t\t<div class=\"elementor-element elementor-element-54d74c5 elementor-widget__width-initial elementor-widget-mobile__width-inherit elementor-widget elementor-widget-heading\" data-id=\"54d74c5\" data-element_type=\"widget\" data-widget_type=\"heading.default\">\n\t\t\t\t<div class=\"elementor-widget-container\">\n\t\t\t<p class=\"elementor-heading-title elementor-size-default\">Andreas <span>MATUSKA<\/span><\/p>\t\t<\/div>\n\t\t\t\t<\/div>\n\t\t\t\t<div class=\"elementor-element elementor-element-b5ca8c7 elementor-widget elementor-widget-text-editor\" data-id=\"b5ca8c7\" data-element_type=\"widget\" data-widget_type=\"text-editor.default\">\n\t\t\t\t<div class=\"elementor-widget-container\">\n\t\t\t\t\t\t\t<p>Nachdem Andreas 2012 eine neue Stelle als Industriekaufmann angetreten hatte, \u00e4nderte\u00a0sich sein komplettes Leben.<\/p><p>Aber nicht in der Weise, dass er das gute Gef\u00fchl gehabt h\u00e4tte, er h\u00e4tte es nun endlich\u00a0\u201egeschafft\u201c und er sei am Ziel angekommen.<\/p><p>Nein, das \u201enormale\u201c Berufsleben zeigte ihm mit seiner Eint\u00f6nigkeit und Abh\u00e4ngigkeit schnell,\u00a0dass er so nicht gl\u00fccklich sein konnte und den Rest seines Lebens so nicht weiter machen\u00a0wollte.<\/p><p>Konsequenterweise begann Andreas zu recherchieren, wie er es schaffen k\u00f6nnte, sich ein\u00a0profitables Online-Gesch\u00e4ft aufzubauen und er wurde f\u00fcndig.<\/p><p>2013 baute Andreas neben seiner Lehre als Industriekaufmann auf der Plattform\u00a0\u201eVine\u201c (heute vergleichbar mit TikTok) eine Brand mit \u00fcber 100.000 Followern auf.<\/p><p>Zeitgleich\u00a0hatte er diese Brand auch in Instagram etabliert. Als einer der ersten deutschsprachigen\u00a0Creator hatte sich Andreas damals ein enormes globales Wissen \u00fcber jegliche Social-Media-Plattformen angeeignet.<\/p><p>Seit 2013 hat sich nun Andreas in der internationalen Social-Media-Community einen Namen gemacht und Partner-Unternehmen geholfen, mit seinen innovativen Marketing Strategien \u00fcber 100 Millionen Euro Umsatz zu generieren!<\/p><p>Heute ist Andreas ein internationaler Sprecher, welcher mittlerweile live vor \u00fcber 100.000 Leuten gesprochen hat, Berater von \u00fcber 200 gro\u00dfen Marketing-Unternehmen und auch immer noch leidenschaftlicher Content-Creator.<\/p>\t\t\t\t\t\t<\/div>\n\t\t\t\t<\/div>\n\t\t\t\t<\/div>\n\t\t<div class=\"elementor-element elementor-element-6786344 e-con-full e-flex e-con e-child\" data-id=\"6786344\" data-element_type=\"container\" data-settings=\"{&quot;background_background&quot;:&quot;classic&quot;,&quot;jet_parallax_layout_list&quot;:[]}\">\n\t\t\t\t<div class=\"elementor-element elementor-element-beadf91 elementor-widget elementor-widget-image\" data-id=\"beadf91\" data-element_type=\"widget\" data-widget_type=\"image.default\">\n\t\t\t\t<div class=\"elementor-widget-container\">\n\t\t\t\t\t\t\t\t\t\t\t\t\t<img loading=\"lazy\" decoding=\"async\" width=\"800\" height=\"752\" src=\"https:\/\/andreas-matuska.com\/wp-content\/uploads\/2022\/08\/matuska_boat.png\" class=\"attachment-large size-large wp-image-321\" alt=\"\" srcset=\"https:\/\/andreas-matuska.com\/wp-content\/uploads\/2022\/08\/matuska_boat.png 859w, https:\/\/andreas-matuska.com\/wp-content\/uploads\/2022\/08\/matuska_boat-300x282.png 300w, https:\/\/andreas-matuska.com\/wp-content\/uploads\/2022\/08\/matuska_boat-768x722.png 768w\" sizes=\"(max-width: 800px) 100vw, 800px\" \/>\t\t\t\t\t\t\t\t\t\t\t\t\t<\/div>\n\t\t\t\t<\/div>\n\t\t\t\t<\/div>\n\t\t\t\t\t<\/div>\n\t\t\t\t<\/div>\n\t\t<div class=\"elementor-element elementor-element-d70fef5 e-flex e-con-boxed e-con e-parent\" data-id=\"d70fef5\" data-element_type=\"container\" data-settings=\"{&quot;jet_parallax_layout_list&quot;:[]}\">\n\t\t\t\t\t<div class=\"e-con-inner\">\n\t\t\t\t<div class=\"elementor-element elementor-element-5e85595 elementor-widget-tablet__width-initial elementor-widget elementor-widget-text-editor\" data-id=\"5e85595\" data-element_type=\"widget\" data-widget_type=\"text-editor.default\">\n\t\t\t\t<div class=\"elementor-widget-container\">\n\t\t\t\t\t\t\t<p><span lang=\"DE-AT\">Mit dem Marketing-Unternehmen AMATUSKA LLC unterst\u00fctzt das Team von Andreas Angestellte dabei, sich mit einer<\/span><span lang=\"DE-AT\"> Marketingagentur eine eigene Selbstst\u00e4ndigkeit aufzubauen. F\u00fcr Quereinsteiger bietet das Unternehmen ein ma\u00dfgeschneidertes Gesch\u00e4ftsmodell und erm\u00f6glicht rund 80 Personen pro Jahr durch die 1:1 Kooperation eine optimale pers\u00f6nliche Unterst\u00fctzung in Form einer privaten Zusammenarbeit mit pers\u00f6nlichen Treffen und Ausbildung vor Ort in Dubai. Zudem hilft das Unternehmen bestehenden Marketingagenturen mit seinem Franchise-Modell, ihren Umsatz deutlich zu steigern.<\/span><\/p>\t\t\t\t\t\t<\/div>\n\t\t\t\t<\/div>\n\t\t\t\t<div class=\"elementor-element elementor-element-1f6b69f elementor-align-center elementor-mobile-align-left elementor-widget elementor-widget-button\" data-id=\"1f6b69f\" data-element_type=\"widget\" data-widget_type=\"button.default\">\n\t\t\t\t<div class=\"elementor-widget-container\">\n\t\t\t\t\t<div class=\"elementor-button-wrapper\">\n\t\t\t<a class=\"elementor-button elementor-button-link elementor-size-md\" href=\"https:\/\/andreas-matuska.com\/en\/offer\/\">\n\t\t\t\t\t\t<span class=\"elementor-button-content-wrapper\">\n\t\t\t\t\t\t\t\t\t<span class=\"elementor-button-text\">Learn more<\/span>\n\t\t\t\t\t<\/span>\n\t\t\t\t\t<\/a>\n\t\t<\/div>\n\t\t\t\t<\/div>\n\t\t\t\t<\/div>\n\t\t\t\t\t<\/div>\n\t\t\t\t<\/div>\n\t\t\t\t<\/div>","protected":false},"excerpt":{"rendered":"<p>Play Video SPEAKER. MENTOR. CREATOR Unser Creative Head &amp; Founder Andreas Matuska ist ebenfalls bekannt aus: Lifestyle Channel @amatuska Andreas Matuska @amatuska_ Monaco &amp; Austria Andreas MATUSKA Nachdem Andreas 2012 eine neue Stelle als Industriekaufmann angetreten hatte, \u00e4nderte\u00a0sich sein komplettes Leben. Aber nicht in der Weise, dass er das gute Gef\u00fchl gehabt h\u00e4tte, er h\u00e4tte [&hellip;]<\/p>","protected":false},"author":2,"featured_media":0,"parent":0,"menu_order":0,"comment_status":"closed","ping_status":"closed","template":"","meta":[],"acf":[],"_links":{"self":[{"href":"https:\/\/andreas-matuska.com\/en\/wp-json\/wp\/v2\/pages\/298"}],"collection":[{"href":"https:\/\/andreas-matuska.com\/en\/wp-json\/wp\/v2\/pages"}],"about":[{"href":"https:\/\/andreas-matuska.com\/en\/wp-json\/wp\/v2\/types\/page"}],"author":[{"embeddable":true,"href":"https:\/\/andreas-matuska.com\/en\/wp-json\/wp\/v2\/users\/2"}],"replies":[{"embeddable":true,"href":"https:\/\/andreas-matuska.com\/en\/wp-json\/wp\/v2\/comments?post=298"}],"version-history":[{"count":10,"href":"https:\/\/andreas-matuska.com\/en\/wp-json\/wp\/v2\/pages\/298\/revisions"}],"predecessor-version":[{"id":1926,"href":"https:\/\/andreas-matuska.com\/en\/wp-json\/wp\/v2\/pages\/298\/revisions\/1926"}],"wp:attachment":[{"href":"https:\/\/andreas-matuska.com\/en\/wp-json\/wp\/v2\/media?parent=298"}],"curies":[{"name":"wp","href":"https:\/\/api.w.org\/{rel}","templated":true}]}}