{"id":1526,"date":"2023-01-24T09:29:27","date_gmt":"2023-01-24T08:29:27","guid":{"rendered":"https:\/\/andreas-matuska.com\/?page_id=1526"},"modified":"2023-01-24T09:41:19","modified_gmt":"2023-01-24T08:41:19","slug":"mexiko-gemeinsam-mit-andreas-matuska-fuer-bildungsfoerderung-und-naturschutz","status":"publish","type":"page","link":"https:\/\/andreas-matuska.com\/en\/charity\/mexiko-gemeinsam-mit-andreas-matuska-fuer-bildungsfoerderung-und-naturschutz\/","title":{"rendered":"Mexico: Together with Andreas Matuska for the promotion of education and nature conservation"},"content":{"rendered":"<div data-elementor-type=\"wp-page\" data-elementor-id=\"1526\" class=\"elementor elementor-1526\">\n\t\t\t\t<div class=\"elementor-element elementor-element-5f8f256f e-flex e-con-boxed e-con e-parent\" data-id=\"5f8f256f\" data-element_type=\"container\" data-settings=\"{&quot;jet_parallax_layout_list&quot;:[]}\">\n\t\t\t\t\t<div class=\"e-con-inner\">\n\t\t<div class=\"elementor-element elementor-element-466353d e-con-full e-flex e-con e-parent\" data-id=\"466353d\" data-element_type=\"container\" data-settings=\"{&quot;jet_parallax_layout_list&quot;:[]}\">\n\t\t\t\t<div class=\"elementor-element elementor-element-7e9dfdd2 elementor-widget elementor-widget-image\" data-id=\"7e9dfdd2\" data-element_type=\"widget\" data-widget_type=\"image.default\">\n\t\t\t\t<div class=\"elementor-widget-container\">\n\t\t\t<style>\/*! elementor - v3.23.0 - 05-08-2024 *\/\n.elementor-widget-image{text-align:center}.elementor-widget-image a{display:inline-block}.elementor-widget-image a img[src$=\".svg\"]{width:48px}.elementor-widget-image img{vertical-align:middle;display:inline-block}<\/style>\t\t\t\t\t\t\t\t\t\t<img decoding=\"async\" width=\"390\" height=\"78\" src=\"https:\/\/andreas-matuska.com\/wp-content\/uploads\/2022\/08\/cff-logo-grey.svg\" class=\"attachment-large size-large wp-image-780\" alt=\"\" \/>\t\t\t\t\t\t\t\t\t\t\t\t\t<\/div>\n\t\t\t\t<\/div>\n\t\t\t\t<div class=\"elementor-element elementor-element-32913aad elementor-widget elementor-widget-text-editor\" data-id=\"32913aad\" data-element_type=\"widget\" data-widget_type=\"text-editor.default\">\n\t\t\t\t<div class=\"elementor-widget-container\">\n\t\t\t<style>\/*! elementor - v3.23.0 - 05-08-2024 *\/\n.elementor-widget-text-editor.elementor-drop-cap-view-stacked .elementor-drop-cap{background-color:#69727d;color:#fff}.elementor-widget-text-editor.elementor-drop-cap-view-framed .elementor-drop-cap{color:#69727d;border:3px solid;background-color:transparent}.elementor-widget-text-editor:not(.elementor-drop-cap-view-default) .elementor-drop-cap{margin-top:8px}.elementor-widget-text-editor:not(.elementor-drop-cap-view-default) .elementor-drop-cap-letter{width:1em;height:1em}.elementor-widget-text-editor .elementor-drop-cap{float:left;text-align:center;line-height:1;font-size:50px}.elementor-widget-text-editor .elementor-drop-cap-letter{display:inline-block}<\/style>\t\t\t\t<p>Another project co-financed by Andreas Matuska is the education of young children in the jungle.<\/p><p><b>Education in the midst of nature - a project between wealth and poverty.<\/b><\/p><p>Playa del Carmen is located near Cancun, Mexico, a region teeming with crystal clear beaches and luxurious hotels, but unfortunately also with one of the highest percentages of poverty in Mexico. 35% of the inhabitants of Quintana Roo (1.5 million in 2015) are poor and 7% are extremely poor.<\/p><p>Education is one of the most effective means against poverty. Therefore, Andreas Matuska's education project is based on three main pillars: Education, social welfare and environmental protection. In addition to the usual educational programmes, we also offer help for the poorest children in the region (Playa del Carmen) as well as numerous initiatives and projects to protect nature and the environment.<\/p><p>Among other things, it is also about the construction and support of a kindergarten and a primary school in which 30 pupils between the ages of 3 and 12 are taught.<\/p><p>If you want to be part of this community, donate and help fight poverty through education and protect the environment in one of the most beautiful and exposed areas\u00a0in\u00a0the\u00a0world.<\/p>\t\t\t\t\t\t<\/div>\n\t\t\t\t<\/div>\n\t\t\t\t<\/div>\n\t\t\t\t\t<\/div>\n\t\t\t\t<\/div>\n\t\t<div class=\"elementor-element elementor-element-6a21f413 e-flex e-con-boxed e-con e-parent\" data-id=\"6a21f413\" data-element_type=\"container\" data-settings=\"{&quot;jet_parallax_layout_list&quot;:[]}\">\n\t\t\t\t\t<div class=\"e-con-inner\">\n\t\t<div class=\"elementor-element elementor-element-314aae0 e-con-full e-flex e-con e-parent\" data-id=\"314aae0\" data-element_type=\"container\" data-settings=\"{&quot;background_background&quot;:&quot;classic&quot;,&quot;shape_divider_bottom&quot;:&quot;waves&quot;,&quot;jet_parallax_layout_list&quot;:[]}\">\n\t\t\t\t<div class=\"elementor-shape elementor-shape-bottom\" data-negative=\"false\">\n\t\t\t<svg xmlns=\"http:\/\/www.w3.org\/2000\/svg\" viewbox=\"0 0 1000 100\" preserveaspectratio=\"none\">\n\t<path class=\"elementor-shape-fill\" d=\"M421.9,6.5c22.6-2.5,51.5,0.4,75.5,5.3c23.6,4.9,70.9,23.5,100.5,35.7c75.8,32.2,133.7,44.5,192.6,49.7\tc23.6,2.1,48.7,3.5,103.4-2.5c54.7-6,106.2-25.6,106.2-25.6V0H0v30.3c0,0,72,32.6,158.4,30.5c39.2-0.7,92.8-6.7,134-22.4\tc21.2-8.1,52.2-18.2,79.7-24.2C399.3,7.9,411.6,7.5,421.9,6.5z\"\/>\n<\/svg>\t\t<\/div>\n\t\t\t\t<div class=\"elementor-element elementor-element-20cdd9ae elementor-widget-mobile__width-inherit elementor-widget elementor-widget-jet-video\" data-id=\"20cdd9ae\" data-element_type=\"widget\" data-widget_type=\"jet-video.default\">\n\t\t\t\t<div class=\"elementor-widget-container\">\n\t\t\t<div class=\"elementor-jet-video jet-elements\">\n<div class=\"jet-video jet-video--fa5-compat jet-video-aspect-ratio jet-video-aspect-ratio--16-9\" data-settings=\"{&quot;lightbox&quot;:false,&quot;autoplay&quot;:false}\"><iframe class=\"jet-video-iframe\" allowfullscreen allow=\"autoplay;encrypted-media\" title=\"vimeo Video Player\" data-lazy-load=\"https:\/\/player.vimeo.com\/video\/738902065?autopause=0&amp;autoplay=0&amp;loop=0&amp;muted=0&amp;h=92eb76d780#t=\"><\/iframe>\n<div class=\"jet-video__overlay jet-video__overlay--custom-bg\" style=\"background-image: url(https:\/\/andreas-matuska.com\/wp-content\/uploads\/2022\/08\/No-Moscow-School-4972.jpg);\">\n<div class=\"jet-video__play-button\" role=\"button\" tabindex=\"0\" aria-label=\"Video play button\"><span class=\"jet-elements-icon jet-video__play-button-icon\"><i aria-hidden=\"true\" class=\"fas fa-play\"><\/i><\/span>\t<span class=\"elementor-screen-only\">Play Video<\/span>\n<\/div>\n<\/div>\n<\/div>\n<\/div>\t\t<\/div>\n\t\t\t\t<\/div>\n\t\t\t\t<div class=\"elementor-element elementor-element-239153fc elementor-widget elementor-widget-heading\" data-id=\"239153fc\" data-element_type=\"widget\" data-widget_type=\"heading.default\">\n\t\t\t\t<div class=\"elementor-widget-container\">\n\t\t\t<style>\/*! elementor - v3.23.0 - 05-08-2024 *\/\n.elementor-heading-title{padding:0;margin:0;line-height:1}.elementor-widget-heading .elementor-heading-title[class*=elementor-size-]>a{color:inherit;font-size:inherit;line-height:inherit}.elementor-widget-heading .elementor-heading-title.elementor-size-small{font-size:15px}.elementor-widget-heading .elementor-heading-title.elementor-size-medium{font-size:19px}.elementor-widget-heading .elementor-heading-title.elementor-size-large{font-size:29px}.elementor-widget-heading .elementor-heading-title.elementor-size-xl{font-size:39px}.elementor-widget-heading .elementor-heading-title.elementor-size-xxl{font-size:59px}<\/style><h2 class=\"elementor-heading-title elementor-size-default\">Project Facts:<\/h2>\t\t<\/div>\n\t\t\t\t<\/div>\n\t\t\t\t<div class=\"elementor-element elementor-element-20dd490 elementor-widget elementor-widget-text-editor\" data-id=\"20dd490\" data-element_type=\"widget\" data-widget_type=\"text-editor.default\">\n\t\t\t\t<div class=\"elementor-widget-container\">\n\t\t\t\t\t\t\t<p><strong>Project location<\/strong><br \/>Playa del Carmen, Mexico<\/p><p>Pre-school and primary school<\/p><p><strong>Group of contributors<\/strong><br \/>\u00a030 students aged 3 to 12 years<\/p><p><strong>Project partner<\/strong><br \/>Kookay, Toddler education in the jungle<br \/>Mexico: Working together to promote education and protect nature<\/p>\t\t\t\t\t\t<\/div>\n\t\t\t\t<\/div>\n\t\t\t\t<\/div>\n\t\t<div class=\"elementor-element elementor-element-1a5ff146 e-con-full e-flex e-con e-parent\" data-id=\"1a5ff146\" data-element_type=\"container\" data-settings=\"{&quot;jet_parallax_layout_list&quot;:[]}\">\n\t\t\t\t<div class=\"elementor-element elementor-element-1f67ded5 elementor-widget elementor-widget-heading\" data-id=\"1f67ded5\" data-element_type=\"widget\" data-widget_type=\"heading.default\">\n\t\t\t\t<div class=\"elementor-widget-container\">\n\t\t\t<h2 class=\"elementor-heading-title elementor-size-default\">Unterst\u00fctze das Projekt!<\/h2>\t\t<\/div>\n\t\t\t\t<\/div>\n\t\t\t\t<div class=\"elementor-element elementor-element-3517e53d elementor-widget__width-auto elementor-widget elementor-widget-image\" data-id=\"3517e53d\" data-element_type=\"widget\" data-widget_type=\"image.default\">\n\t\t\t\t<div class=\"elementor-widget-container\">\n\t\t\t\t\t\t\t\t\t\t\t\t\t<img fetchpriority=\"high\" decoding=\"async\" width=\"600\" height=\"533\" src=\"https:\/\/andreas-matuska.com\/wp-content\/uploads\/2023\/01\/Andreas-9-mit-Logo.png\" class=\"attachment-large size-large wp-image-1528\" alt=\"\" srcset=\"https:\/\/andreas-matuska.com\/wp-content\/uploads\/2023\/01\/Andreas-9-mit-Logo.png 600w, https:\/\/andreas-matuska.com\/wp-content\/uploads\/2023\/01\/Andreas-9-mit-Logo-300x267.png 300w, https:\/\/andreas-matuska.com\/wp-content\/uploads\/2023\/01\/Andreas-9-mit-Logo-14x12.png 14w\" sizes=\"(max-width: 600px) 100vw, 600px\" \/>\t\t\t\t\t\t\t\t\t\t\t\t\t<\/div>\n\t\t\t\t<\/div>\n\t\t\t\t<div class=\"elementor-element elementor-element-62a457f elementor-align-justify elementor-widget elementor-widget-button\" data-id=\"62a457f\" data-element_type=\"widget\" data-widget_type=\"button.default\">\n\t\t\t\t<div class=\"elementor-widget-container\">\n\t\t\t\t\t<div class=\"elementor-button-wrapper\">\n\t\t\t<a class=\"elementor-button elementor-button-link elementor-size-md\" href=\"https:\/\/www.childandfamily.foundation\/de\/node\/799\" target=\"_blank\">\n\t\t\t\t\t\t<span class=\"elementor-button-content-wrapper\">\n\t\t\t\t\t\t<span class=\"elementor-button-icon\">\n\t\t\t\t<i aria-hidden=\"true\" class=\"fas fa-donate\"><\/i>\t\t\t<\/span>\n\t\t\t\t\t\t\t\t\t<span class=\"elementor-button-text\">Support project<\/span>\n\t\t\t\t\t<\/span>\n\t\t\t\t\t<\/a>\n\t\t<\/div>\n\t\t\t\t<\/div>\n\t\t\t\t<\/div>\n\t\t\t\t<\/div>\n\t\t\t\t\t<\/div>\n\t\t\t\t<\/div>\n\t\t\t\t<\/div>","protected":false},"excerpt":{"rendered":"<p>Ein weiteres von Andreas Matuska mitfinanzierten Projekte ist die Kleinkindererziehung im Dschungel. Bildung inmitten der Natur &#8211; ein Projekt zwischen Reichtum und Armut. Playa del Carmen liegt in der N\u00e4he von Cancun, Mexiko, einer Region, in welcher es von kristallklare Str\u00e4nde und luxuri\u00f6sen Hotels nur so wimmelt, aber leider auch einen der h\u00f6chsten Prozents\u00e4tze an [&hellip;]<\/p>","protected":false},"author":2,"featured_media":513,"parent":1536,"menu_order":0,"comment_status":"closed","ping_status":"closed","template":"","meta":[],"acf":[],"_links":{"self":[{"href":"https:\/\/andreas-matuska.com\/en\/wp-json\/wp\/v2\/pages\/1526"}],"collection":[{"href":"https:\/\/andreas-matuska.com\/en\/wp-json\/wp\/v2\/pages"}],"about":[{"href":"https:\/\/andreas-matuska.com\/en\/wp-json\/wp\/v2\/types\/page"}],"author":[{"embeddable":true,"href":"https:\/\/andreas-matuska.com\/en\/wp-json\/wp\/v2\/users\/2"}],"replies":[{"embeddable":true,"href":"https:\/\/andreas-matuska.com\/en\/wp-json\/wp\/v2\/comments?post=1526"}],"version-history":[{"count":7,"href":"https:\/\/andreas-matuska.com\/en\/wp-json\/wp\/v2\/pages\/1526\/revisions"}],"predecessor-version":[{"id":1534,"href":"https:\/\/andreas-matuska.com\/en\/wp-json\/wp\/v2\/pages\/1526\/revisions\/1534"}],"up":[{"embeddable":true,"href":"https:\/\/andreas-matuska.com\/en\/wp-json\/wp\/v2\/pages\/1536"}],"wp:featuredmedia":[{"embeddable":true,"href":"https:\/\/andreas-matuska.com\/en\/wp-json\/wp\/v2\/media\/513"}],"wp:attachment":[{"href":"https:\/\/andreas-matuska.com\/en\/wp-json\/wp\/v2\/media?parent=1526"}],"curies":[{"name":"wp","href":"https:\/\/api.w.org\/{rel}","templated":true}]}}